{"id":681,"date":"2022-05-25T11:33:18","date_gmt":"2022-05-25T11:33:18","guid":{"rendered":"https:\/\/www.abrazivfeed.hu\/?page_id=681"},"modified":"2025-07-25T09:56:37","modified_gmt":"2025-07-25T09:56:37","slug":"contact","status":"publish","type":"page","link":"https:\/\/www.abrazivfeed.hu\/hu\/kapcsolat\/","title":{"rendered":"Kapcsolat"},"content":{"rendered":"<div data-elementor-type=\"wp-page\" data-elementor-id=\"681\" class=\"elementor elementor-681\" data-elementor-post-type=\"page\">\n\t\t\t\t\t\t<section class=\"elementor-section elementor-top-section elementor-element elementor-element-47a021e elementor-section-height-min-height elementor-section-boxed elementor-section-height-default elementor-section-items-middle\" data-id=\"47a021e\" data-element_type=\"section\" data-settings=\"{&quot;background_background&quot;:&quot;classic&quot;,&quot;jet_parallax_layout_list&quot;:[]}\">\n\t\t\t\t\t\t<div class=\"elementor-container elementor-column-gap-default\">\n\t\t\t\t\t<div class=\"elementor-column elementor-col-100 elementor-top-column elementor-element elementor-element-b7f75ec\" data-id=\"b7f75ec\" data-element_type=\"column\">\n\t\t\t<div class=\"elementor-widget-wrap elementor-element-populated\">\n\t\t\t\t\t\t<div class=\"elementor-element elementor-element-04cc2bf elementor-widget elementor-widget-heading\" data-id=\"04cc2bf\" data-element_type=\"widget\" data-widget_type=\"heading.default\">\n\t\t\t\t<div class=\"elementor-widget-container\">\n\t\t\t<h1 class=\"elementor-heading-title elementor-size-default\">Kapcsolat<\/h1>\t\t<\/div>\n\t\t\t\t<\/div>\n\t\t\t\t\t<\/div>\n\t\t<\/div>\n\t\t\t\t\t<\/div>\n\t\t<\/section>\n\t\t\t\t<section class=\"elementor-section elementor-top-section elementor-element elementor-element-df735c8 elementor-section-boxed elementor-section-height-default elementor-section-height-default\" data-id=\"df735c8\" data-element_type=\"section\" data-settings=\"{&quot;background_background&quot;:&quot;classic&quot;,&quot;jet_parallax_layout_list&quot;:[]}\">\n\t\t\t\t\t\t<div class=\"elementor-container elementor-column-gap-default\">\n\t\t\t\t\t<div class=\"elementor-column elementor-col-100 elementor-top-column elementor-element elementor-element-66bdc5b\" data-id=\"66bdc5b\" data-element_type=\"column\">\n\t\t\t<div class=\"elementor-widget-wrap elementor-element-populated\">\n\t\t\t\t\t\t<section class=\"elementor-section elementor-inner-section elementor-element elementor-element-7edd9fa elementor-reverse-mobile elementor-section-boxed elementor-section-height-default elementor-section-height-default\" data-id=\"7edd9fa\" data-element_type=\"section\" data-settings=\"{&quot;jet_parallax_layout_list&quot;:[]}\">\n\t\t\t\t\t\t<div class=\"elementor-container elementor-column-gap-default\">\n\t\t\t\t\t<div class=\"elementor-column elementor-col-50 elementor-inner-column elementor-element elementor-element-03156c8\" data-id=\"03156c8\" data-element_type=\"column\" data-settings=\"{&quot;background_background&quot;:&quot;classic&quot;}\">\n\t\t\t<div class=\"elementor-widget-wrap elementor-element-populated\">\n\t\t\t\t\t\t<div class=\"elementor-element elementor-element-0fc4a9c elementor-widget elementor-widget-heading\" data-id=\"0fc4a9c\" data-element_type=\"widget\" data-widget_type=\"heading.default\">\n\t\t\t\t<div class=\"elementor-widget-container\">\n\t\t\t<h2 class=\"elementor-heading-title elementor-size-default\">K\u00f6zpont<\/h2>\t\t<\/div>\n\t\t\t\t<\/div>\n\t\t\t\t<div class=\"elementor-element elementor-element-707a4ad elementor-widget elementor-widget-text-editor\" data-id=\"707a4ad\" data-element_type=\"widget\" data-widget_type=\"text-editor.default\">\n\t\t\t\t<div class=\"elementor-widget-container\">\n\t\t\t\t\t\t\t<h5>ABRAZIV Kft.<\/h5><p>H-6000 Kecskem\u00e9t, Paul Lechler utca 3.<br \/><strong>Tel:<\/strong> <a href=\"tel: 3676815900\"><span class=\"whiteBlock\">+36 76 815 900<\/span><\/a><br \/><strong>Email: <\/strong><span id=\"_emoaddrId1\"><a class=\"emo_address\" href=\"mailto:feed@abraziv.hu\">feed@abraziv.hu<\/a><\/span><\/p>\t\t\t\t\t\t<\/div>\n\t\t\t\t<\/div>\n\t\t\t\t\t<\/div>\n\t\t<\/div>\n\t\t\t\t<div class=\"elementor-column elementor-col-50 elementor-inner-column elementor-element elementor-element-5f651a5\" data-id=\"5f651a5\" data-element_type=\"column\">\n\t\t\t<div class=\"elementor-widget-wrap elementor-element-populated\">\n\t\t\t\t\t\t<div class=\"elementor-element elementor-element-8462798 elementor-widget elementor-widget-image\" data-id=\"8462798\" data-element_type=\"widget\" data-widget_type=\"image.default\">\n\t\t\t\t<div class=\"elementor-widget-container\">\n\t\t\t\t\t\t\t\t\t\t\t\t\t<img fetchpriority=\"high\" decoding=\"async\" width=\"800\" height=\"589\" src=\"https:\/\/www.abrazivfeed.hu\/wp-content\/uploads\/2022\/05\/about_intro.jpg\" class=\"attachment-large size-large wp-image-579\" alt=\"\" srcset=\"https:\/\/www.abrazivfeed.hu\/wp-content\/uploads\/2022\/05\/about_intro.jpg 855w, https:\/\/www.abrazivfeed.hu\/wp-content\/uploads\/2022\/05\/about_intro-300x221.jpg 300w, https:\/\/www.abrazivfeed.hu\/wp-content\/uploads\/2022\/05\/about_intro-768x566.jpg 768w\" sizes=\"(max-width: 800px) 100vw, 800px\" \/>\t\t\t\t\t\t\t\t\t\t\t\t\t<\/div>\n\t\t\t\t<\/div>\n\t\t\t\t\t<\/div>\n\t\t<\/div>\n\t\t\t\t\t<\/div>\n\t\t<\/section>\n\t\t\t\t<section class=\"elementor-section elementor-inner-section elementor-element elementor-element-b50f4e7 elementor-section-boxed elementor-section-height-default elementor-section-height-default\" data-id=\"b50f4e7\" data-element_type=\"section\" id=\"contactform\" data-settings=\"{&quot;jet_parallax_layout_list&quot;:[]}\">\n\t\t\t\t\t\t<div class=\"elementor-container elementor-column-gap-default\">\n\t\t\t\t\t<div class=\"elementor-column elementor-col-50 elementor-inner-column elementor-element elementor-element-dc965b1\" data-id=\"dc965b1\" data-element_type=\"column\">\n\t\t\t<div class=\"elementor-widget-wrap elementor-element-populated\">\n\t\t\t\t\t\t<div class=\"elementor-element elementor-element-8523363 elementor-hidden-tablet elementor-widget elementor-widget-image\" data-id=\"8523363\" data-element_type=\"widget\" data-widget_type=\"image.default\">\n\t\t\t\t<div class=\"elementor-widget-container\">\n\t\t\t\t\t\t\t\t\t\t\t\t\t<img decoding=\"async\" width=\"800\" height=\"674\" src=\"https:\/\/www.abrazivfeed.hu\/wp-content\/uploads\/2022\/05\/project_map-1024x863.jpg\" class=\"attachment-large size-large wp-image-478\" alt=\"\" srcset=\"https:\/\/www.abrazivfeed.hu\/wp-content\/uploads\/2022\/05\/project_map-1024x863.jpg 1024w, https:\/\/www.abrazivfeed.hu\/wp-content\/uploads\/2022\/05\/project_map-300x253.jpg 300w, https:\/\/www.abrazivfeed.hu\/wp-content\/uploads\/2022\/05\/project_map-768x647.jpg 768w, https:\/\/www.abrazivfeed.hu\/wp-content\/uploads\/2022\/05\/project_map.jpg 1059w\" sizes=\"(max-width: 800px) 100vw, 800px\" \/>\t\t\t\t\t\t\t\t\t\t\t\t\t<\/div>\n\t\t\t\t<\/div>\n\t\t\t\t\t<\/div>\n\t\t<\/div>\n\t\t\t\t<div class=\"elementor-column elementor-col-50 elementor-inner-column elementor-element elementor-element-24a6e07\" data-id=\"24a6e07\" data-element_type=\"column\" data-settings=\"{&quot;background_background&quot;:&quot;classic&quot;}\">\n\t\t\t<div class=\"elementor-widget-wrap elementor-element-populated\">\n\t\t\t\t\t\t<div class=\"elementor-element elementor-element-89cde45 elementor-widget elementor-widget-heading\" data-id=\"89cde45\" data-element_type=\"widget\" data-widget_type=\"heading.default\">\n\t\t\t\t<div class=\"elementor-widget-container\">\n\t\t\t<h2 class=\"elementor-heading-title elementor-size-default\">Kapcsolat<\/h2>\t\t<\/div>\n\t\t\t\t<\/div>\n\t\t\t\t<div class=\"elementor-element elementor-element-c2dc452 elementor-button-align-stretch elementor-widget elementor-widget-form\" data-id=\"c2dc452\" data-element_type=\"widget\" data-settings=\"{&quot;step_next_label&quot;:&quot;Next&quot;,&quot;step_previous_label&quot;:&quot;Previous&quot;,&quot;button_width&quot;:&quot;100&quot;,&quot;step_type&quot;:&quot;number_text&quot;,&quot;step_icon_shape&quot;:&quot;circle&quot;}\" data-widget_type=\"form.default\">\n\t\t\t\t<div class=\"elementor-widget-container\">\n\t\t\t\t\t<form class=\"elementor-form\" method=\"post\" name=\"New Form\" action=\"\">\n\t\t\t<input type=\"hidden\" name=\"post_id\" value=\"681\"\/>\n\t\t\t<input type=\"hidden\" name=\"form_id\" value=\"c2dc452\"\/>\n\t\t\t<input type=\"hidden\" name=\"referer_title\" value=\"\" \/>\n\n\t\t\t\n\t\t\t<div class=\"elementor-form-fields-wrapper elementor-labels-above\">\n\t\t\t\t\t\t\t\t<div class=\"elementor-field-type-text elementor-field-group elementor-column elementor-field-group-name elementor-col-100 elementor-field-required elementor-mark-required\">\n\t\t\t\t\t\t\t\t\t\t\t\t<label for=\"form-field-name\" class=\"elementor-field-label\">\n\t\t\t\t\t\t\t\tN\u00e9v\t\t\t\t\t\t\t<\/label>\n\t\t\t\t\t\t\t\t\t\t\t\t\t\t<input size=\"1\" type=\"text\" name=\"form_fields[name]\" id=\"form-field-name\" class=\"elementor-field elementor-size-sm  elementor-field-textual\" placeholder=\"Az \u00d6n neve\" required=\"required\" aria-required=\"true\">\n\t\t\t\t\t\t\t\t\t\t\t<\/div>\n\t\t\t\t\t\t\t\t<div class=\"elementor-field-type-text elementor-field-group elementor-column elementor-field-group-company elementor-col-100 elementor-field-required elementor-mark-required\">\n\t\t\t\t\t\t\t\t\t\t\t\t<label for=\"form-field-company\" class=\"elementor-field-label\">\n\t\t\t\t\t\t\t\tC\u00e9gn\u00e9v\t\t\t\t\t\t\t<\/label>\n\t\t\t\t\t\t\t\t\t\t\t\t\t\t<input size=\"1\" type=\"text\" name=\"form_fields[company]\" id=\"form-field-company\" class=\"elementor-field elementor-size-sm  elementor-field-textual\" required=\"required\" aria-required=\"true\">\n\t\t\t\t\t\t\t\t\t\t\t<\/div>\n\t\t\t\t\t\t\t\t<div class=\"elementor-field-type-email elementor-field-group elementor-column elementor-field-group-email elementor-col-50 elementor-field-required elementor-mark-required\">\n\t\t\t\t\t\t\t\t\t\t\t\t<label for=\"form-field-email\" class=\"elementor-field-label\">\n\t\t\t\t\t\t\t\tE-mail\t\t\t\t\t\t\t<\/label>\n\t\t\t\t\t\t\t\t\t\t\t\t\t\t<input size=\"1\" type=\"email\" name=\"form_fields[email]\" id=\"form-field-email\" class=\"elementor-field elementor-size-sm  elementor-field-textual\" placeholder=\"Az \u00d6n e-mail c\u00edme\" required=\"required\" aria-required=\"true\">\n\t\t\t\t\t\t\t\t\t\t\t<\/div>\n\t\t\t\t\t\t\t\t<div class=\"elementor-field-type-text elementor-field-group elementor-column elementor-field-group-phone elementor-col-50 elementor-field-required elementor-mark-required\">\n\t\t\t\t\t\t\t\t\t\t\t\t<label for=\"form-field-phone\" class=\"elementor-field-label\">\n\t\t\t\t\t\t\t\tTelefonsz\u00e1m\t\t\t\t\t\t\t<\/label>\n\t\t\t\t\t\t\t\t\t\t\t\t\t\t<input size=\"1\" type=\"text\" name=\"form_fields[phone]\" id=\"form-field-phone\" class=\"elementor-field elementor-size-sm  elementor-field-textual\" required=\"required\" aria-required=\"true\">\n\t\t\t\t\t\t\t\t\t\t\t<\/div>\n\t\t\t\t\t\t\t\t<div class=\"elementor-field-type-select elementor-field-group elementor-column elementor-field-group-industry elementor-col-100 elementor-field-required elementor-mark-required\">\n\t\t\t\t\t\t\t\t\t\t\t\t<label for=\"form-field-industry\" class=\"elementor-field-label\">\n\t\t\t\t\t\t\t\tIpar\u00e1g\t\t\t\t\t\t\t<\/label>\n\t\t\t\t\t\t\t\t<div class=\"elementor-field elementor-select-wrapper remove-before\">\n\t\t\t<div class=\"select-caret-down-wrapper\">\n\t\t\t\t<i aria-hidden=\"true\" class=\"eicon-caret-down\"><\/i>\t\t\t<\/div>\n\t\t\t<select name=\"form_fields[industry]\" id=\"form-field-industry\" class=\"elementor-field-textual elementor-size-sm\" required=\"required\" aria-required=\"true\">\n\t\t\t\t\t\t\t\t\t<option value=\"\"> K\u00e9rj\u00fck v\u00e1lasszon...<\/option>\n\t\t\t\t\t\t\t\t\t<option value=\"Feed\">Takarm\u00e1ny<\/option>\n\t\t\t\t\t\t\t\t\t<option value=\"Premix\">Premix<\/option>\n\t\t\t\t\t\t\t\t\t<option value=\"Pet Food\">Kis\u00e1llat eledel<\/option>\n\t\t\t\t\t\t\t\t\t<option value=\"Biomass\">Biomassza<\/option>\n\t\t\t\t\t\t\t\t\t<option value=\"Spare parts and service\">P\u00f3talkatr\u00e9szek \u00e9s szerviz<\/option>\n\t\t\t\t\t\t\t\t\t<option value=\"Dies &amp; Rolls\">Matric\u00e1k \u00e9s g\u00f6rg\u0151k<\/option>\n\t\t\t\t\t\t\t<\/select>\n\t\t<\/div>\n\t\t\t\t\t\t<\/div>\n\t\t\t\t\t\t\t\t<div class=\"elementor-field-type-textarea elementor-field-group elementor-column elementor-field-group-field_cb6dd2e elementor-col-100\">\n\t\t\t\t\t\t\t\t\t\t\t\t<label for=\"form-field-field_cb6dd2e\" class=\"elementor-field-label\">\n\t\t\t\t\t\t\t\t\u00dczenet\t\t\t\t\t\t\t<\/label>\n\t\t\t\t\t\t<textarea class=\"elementor-field-textual elementor-field  elementor-size-sm\" name=\"form_fields[field_cb6dd2e]\" id=\"form-field-field_cb6dd2e\" rows=\"2\"><\/textarea>\t\t\t\t<\/div>\n\t\t\t\t\t\t\t\t<div class=\"elementor-field-group elementor-column elementor-field-type-submit elementor-col-100 e-form__buttons\">\n\t\t\t\t\t<button type=\"submit\" class=\"elementor-button elementor-size-lg\">\n\t\t\t\t\t\t<span >\n\t\t\t\t\t\t\t\t\t\t\t\t\t\t\t<span class=\"elementor-align-icon-right elementor-button-icon\">\n\t\t\t\t\t\t\t\t\t<svg xmlns=\"http:\/\/www.w3.org\/2000\/svg\" xmlns:svg=\"http:\/\/www.w3.org\/2000\/svg\" id=\"svg10654\" height=\"512\" viewbox=\"0 0 6.3499999 6.3500002\" width=\"512\"><g id=\"layer1\" transform=\"translate(0 -290.65)\"><path id=\"path9413\" d=\"m.53383012 294.09009h4.64777838l-.8707478.87075c-.250114.25011.1250569.62528.375171.37517l.7930187-.79426.529381-.53021c.1025988-.10321.1025988-.26989 0-.3731l-1.3223997-1.32395c-.050312-.0517-.1195649-.0807-.1917197-.0801-.2381777.00003-.3550648.29011-.1834513.45527l.8728149.87075h-4.66353979c-.36681596.0182-.33942735.54794.0136943.52968z\"><\/path><\/g><\/svg>\t\t\t\t\t\t\t\t\t\t\t\t\t\t\t\t\t<\/span>\n\t\t\t\t\t\t\t\t\t\t\t\t\t\t\t\t\t\t\t\t\t\t<span class=\"elementor-button-text\">\u00dczenet elk\u00fcld\u00e9se<\/span>\n\t\t\t\t\t\t\t\t\t\t\t\t\t<\/span>\n\t\t\t\t\t<\/button>\n\t\t\t\t<\/div>\n\t\t\t<\/div>\n\t\t<input type=\"hidden\" name=\"trp-form-language\" value=\"hu\"\/><\/form>\n\t\t\t\t<\/div>\n\t\t\t\t<\/div>\n\t\t\t\t\t<\/div>\n\t\t<\/div>\n\t\t\t\t\t<\/div>\n\t\t<\/section>\n\t\t\t\t<div class=\"elementor-element elementor-element-639e260 elementor-widget elementor-widget-heading\" data-id=\"639e260\" data-element_type=\"widget\" data-widget_type=\"heading.default\">\n\t\t\t\t<div class=\"elementor-widget-container\">\n\t\t\t<h2 class=\"elementor-heading-title elementor-size-default\">Szakmai kapcsolattart\u00f3k<\/h2>\t\t<\/div>\n\t\t\t\t<\/div>\n\t\t\t\t<div class=\"elementor-element elementor-element-7e44fb1 elementor-widget elementor-widget-jet-carousel\" data-id=\"7e44fb1\" data-element_type=\"widget\" data-settings=\"{&quot;slides_to_show&quot;:&quot;4&quot;,&quot;slides_to_show_tablet&quot;:&quot;2&quot;,&quot;slides_to_show_mobile&quot;:&quot;1&quot;,&quot;slides_to_scroll_tablet&quot;:&quot;1&quot;,&quot;slides_to_scroll_mobile&quot;:&quot;1&quot;,&quot;slides_to_scroll&quot;:&quot;1&quot;}\" data-widget_type=\"jet-carousel.default\">\n\t\t\t\t<div class=\"elementor-widget-container\">\n\t\t\t<div class=\"elementor-jet-carousel jet-elements\"><div class=\"jet-carousel-wrap jet-equal-cols\">\n\t<div class=\"jet-carousel\" data-slider_options=\"{&quot;autoplaySpeed&quot;:5000,&quot;autoplay&quot;:true,&quot;infinite&quot;:true,&quot;centerMode&quot;:false,&quot;centerPadding&quot;:&quot;50px&quot;,&quot;pauseOnHover&quot;:false,&quot;speed&quot;:500,&quot;arrows&quot;:false,&quot;dots&quot;:true,&quot;variableWidth&quot;:false,&quot;prevArrow&quot;:&quot;.jet-carousel__prev-arrow-7e44fb1&quot;,&quot;nextArrow&quot;:&quot;.jet-carousel__next-arrow-7e44fb1&quot;,&quot;rtl&quot;:false,&quot;fractionNav&quot;:false}\" dir=\"ltr\">\n\t<div class=\"elementor-slick-slider\">\n\n<div class=\"jet-carousel__item\">\n\t<div class=\"jet-carousel__item-inner\"><img decoding=\"async\" src=\"https:\/\/www.abrazivfeed.hu\/wp-content\/uploads\/2022\/06\/mondik_zs_08.jpg\" class=\"jet-carousel__item-img\" alt=\"mondik_zs_08\" loading=\"lazy\"><div class=\"jet-carousel__content\"><h5 class=\"jet-carousel__item-title\">Mondik Zsolt<\/h5><div class=\"jet-carousel__item-text\"><p><strong>\u00dcgyvezet\u0151<\/strong><br \/><a href=\"tel: 3676815911\">+36 76 815 911<\/a><br \/><a href=\"mailto:mondik@abraziv.hu\">mondik@abraziv.hu<\/a><\/p><\/div><\/div><\/div>\n<\/div>\n\n<div class=\"jet-carousel__item\">\n\t<div class=\"jet-carousel__item-inner\"><img decoding=\"async\" src=\"https:\/\/www.abrazivfeed.hu\/wp-content\/uploads\/2022\/05\/szuchy_04.jpg\" class=\"jet-carousel__item-img\" alt=\"szuchy_04\" loading=\"lazy\"><div class=\"jet-carousel__content\"><h5 class=\"jet-carousel__item-title\">Szuchy P\u00e9ter<\/h5><div class=\"jet-carousel__item-text\"><p><strong>Operat\u00edv Vezet\u0151<\/strong><br \/><a href=\"tel: 3676815900\">+36 76 815 900<\/a><br \/><a href=\"mailto:peter.szuchy@abraziv.hu\">peter.szuchy@abraziv.hu<\/a><\/p><\/div><\/div><\/div>\n<\/div>\n\n<div class=\"jet-carousel__item\">\n\t<div class=\"jet-carousel__item-inner\"><img decoding=\"async\" src=\"https:\/\/www.abrazivfeed.hu\/wp-content\/uploads\/2022\/05\/misits.jpg\" class=\"jet-carousel__item-img\" alt=\"misits\" loading=\"lazy\"><div class=\"jet-carousel__content\"><h5 class=\"jet-carousel__item-title\">Misits Gy\u00f6rgy<\/h5><div class=\"jet-carousel__item-text\"><p><strong>F\u0151konstrukt\u0151r<\/strong><br \/><a href=\"tel: 3676815912\">+36 76 815 912<\/a><br \/><a href=\"mailto:misits@abraziv.hu\">misits@abraziv.hu<\/a><\/p><\/div><\/div><\/div>\n<\/div>\n\n<div class=\"jet-carousel__item\">\n\t<div class=\"jet-carousel__item-inner\"><img decoding=\"async\" src=\"https:\/\/www.abrazivfeed.hu\/wp-content\/uploads\/2022\/05\/gulyas_a.jpg\" class=\"jet-carousel__item-img\" alt=\"gulyas_a\" loading=\"lazy\"><div class=\"jet-carousel__content\"><h5 class=\"jet-carousel__item-title\">Guly\u00e1s Andor<\/h5><div class=\"jet-carousel__item-text\"><p><strong>Szerviz \u00dczlet\u00e1g Vezet\u0151<\/strong><br \/><a href=\"tel: 3676815913\">+36 76 815 913<\/a><br \/><a href=\"mailto:gulyas@abraziv.hu\">gulyas@abraziv.hu<\/a><\/p><\/div><\/div><\/div>\n<\/div>\n<\/div><\/div>\n<\/div>\n<\/div>\t\t<\/div>\n\t\t\t\t<\/div>\n\t\t\t\t<section class=\"elementor-section elementor-inner-section elementor-element elementor-element-e91eee4 elementor-section-boxed elementor-section-height-default elementor-section-height-default\" data-id=\"e91eee4\" data-element_type=\"section\" data-settings=\"{&quot;jet_parallax_layout_list&quot;:[]}\">\n\t\t\t\t\t\t<div class=\"elementor-container elementor-column-gap-default\">\n\t\t\t\t\t<div class=\"elementor-column elementor-col-33 elementor-inner-column elementor-element elementor-element-9c82d3f\" data-id=\"9c82d3f\" data-element_type=\"column\" data-settings=\"{&quot;background_background&quot;:&quot;classic&quot;}\">\n\t\t\t<div class=\"elementor-widget-wrap elementor-element-populated\">\n\t\t\t\t\t\t<div class=\"elementor-element elementor-element-bc42e20 elementor-widget elementor-widget-heading\" data-id=\"bc42e20\" data-element_type=\"widget\" data-widget_type=\"heading.default\">\n\t\t\t\t<div class=\"elementor-widget-container\">\n\t\t\t<h2 class=\"elementor-heading-title elementor-size-default\">Worldwide<\/h2>\t\t<\/div>\n\t\t\t\t<\/div>\n\t\t\t\t<div class=\"elementor-element elementor-element-20089f0 whitelink elementor-widget elementor-widget-text-editor\" data-id=\"20089f0\" data-element_type=\"widget\" data-widget_type=\"text-editor.default\">\n\t\t\t\t<div class=\"elementor-widget-container\">\n\t\t\t\t\t\t\t<p>Please feel free to contact our colleagues if you have any inquiries or questions.<\/p><p><strong>Name:<\/strong> Zsolt MONDIK<br \/><strong>Email address:<\/strong> <a href=\"mailto:mondik@abraziv.hu\">mondik@abraziv.hu<\/a><br \/><strong>Phone:<\/strong> <a href=\"tel: 3676815900\">+36 76 815 900<\/a><\/p>\t\t\t\t\t\t<\/div>\n\t\t\t\t<\/div>\n\t\t\t\t<div class=\"elementor-element elementor-element-0690638 elementor-widget-divider--separator-type-pattern elementor-widget-divider--view-line elementor-widget elementor-widget-divider\" data-id=\"0690638\" data-element_type=\"widget\" data-widget_type=\"divider.default\">\n\t\t\t\t<div class=\"elementor-widget-container\">\n\t\t\t\t\t<div class=\"elementor-divider\" style=\"--divider-pattern-url: url(&quot;data:image\/svg+xml,%3Csvg xmlns=&#039;http:\/\/www.w3.org\/2000\/svg&#039; preserveAspectRatio=&#039;none&#039; overflow=&#039;visible&#039; height=&#039;100%&#039; viewBox=&#039;0 0 20 16&#039; fill=&#039;none&#039; stroke=&#039;black&#039; stroke-width=&#039;1&#039; stroke-linecap=&#039;square&#039; stroke-miterlimit=&#039;10&#039;%3E%3Cg transform=&#039;translate(-12.000000, 0)&#039;%3E%3Cpath d=&#039;M28,0L10,18&#039;\/%3E%3Cpath d=&#039;M18,0L0,18&#039;\/%3E%3Cpath d=&#039;M48,0L30,18&#039;\/%3E%3Cpath d=&#039;M38,0L20,18&#039;\/%3E%3C\/g%3E%3C\/svg%3E&quot;);\">\n\t\t\t<span class=\"elementor-divider-separator\">\n\t\t\t\t\t\t<\/span>\n\t\t<\/div>\n\t\t\t\t<\/div>\n\t\t\t\t<\/div>\n\t\t\t\t<div class=\"elementor-element elementor-element-aa2444f whitelink elementor-widget elementor-widget-text-editor\" data-id=\"aa2444f\" data-element_type=\"widget\" data-widget_type=\"text-editor.default\">\n\t\t\t\t<div class=\"elementor-widget-container\">\n\t\t\t\t\t\t\t<p><strong>Name:<\/strong> P\u00e9ter SZUCHY<br \/><strong>Email address:<\/strong> <a href=\"mailto:peter.szuchy@abraziv.hu\">peter.szuchy@abraziv.hu<\/a><br \/><strong>Phone:<\/strong> <a href=\"tel: 3676815900\">+36 76 815 900<\/a><\/p>\t\t\t\t\t\t<\/div>\n\t\t\t\t<\/div>\n\t\t\t\t\t<\/div>\n\t\t<\/div>\n\t\t\t\t<div class=\"elementor-column elementor-col-33 elementor-inner-column elementor-element elementor-element-92506ff\" data-id=\"92506ff\" data-element_type=\"column\" data-settings=\"{&quot;background_background&quot;:&quot;classic&quot;}\">\n\t\t\t<div class=\"elementor-widget-wrap elementor-element-populated\">\n\t\t\t\t\t\t<div class=\"elementor-element elementor-element-31d4523 elementor-widget elementor-widget-heading\" data-id=\"31d4523\" data-element_type=\"widget\" data-widget_type=\"heading.default\">\n\t\t\t\t<div class=\"elementor-widget-container\">\n\t\t\t<h2 class=\"elementor-heading-title elementor-size-default\">Romania<\/h2>\t\t<\/div>\n\t\t\t\t<\/div>\n\t\t\t\t<div class=\"elementor-element elementor-element-3a3de45 elementor-widget elementor-widget-text-editor\" data-id=\"3a3de45\" data-element_type=\"widget\" data-widget_type=\"text-editor.default\">\n\t\t\t\t<div class=\"elementor-widget-container\">\n\t\t\t\t\t\t\t<p>Pentru a primi informa\u021bii, v\u0103 rug\u0103m s\u0103 ne contacta\u021bi utiliz\u00e2nd datele de contact:<\/p><p><strong>Nume:<\/strong> J\u00e1nos VERES<\/p><p><strong>Adres\u0103 de email: <\/strong><a href=\"mailto:janos.veres@abraziv.ro\">janos.veres@abraziv.ro<\/a><\/p><p><b>Telefon:<\/b> <a href=\"tel: 40 755 079 594\">+40 755 079 594<\/a><\/p><p><strong>Headquarters \/ Office:<\/strong> Str. Principala, 8\/C, Jud. Mures, S\u00e2npaul 547550<\/p><p><strong>Postal address:<\/strong> Str. Principala, 8\/C, Jud. Mures, S\u00e2npaul 547550<\/p>\t\t\t\t\t\t<\/div>\n\t\t\t\t<\/div>\n\t\t\t\t\t<\/div>\n\t\t<\/div>\n\t\t\t\t<div class=\"elementor-column elementor-col-33 elementor-inner-column elementor-element elementor-element-ee58ce4\" data-id=\"ee58ce4\" data-element_type=\"column\" data-settings=\"{&quot;background_background&quot;:&quot;classic&quot;}\">\n\t\t\t<div class=\"elementor-widget-wrap elementor-element-populated\">\n\t\t\t\t\t\t<div class=\"elementor-element elementor-element-368a0d6 elementor-widget elementor-widget-heading\" data-id=\"368a0d6\" data-element_type=\"widget\" data-widget_type=\"heading.default\">\n\t\t\t\t<div class=\"elementor-widget-container\">\n\t\t\t<h2 class=\"elementor-heading-title elementor-size-default\">Croatia, Slovenia, Serbia, BiH, Macedonia, Montenegro:<\/h2>\t\t<\/div>\n\t\t\t\t<\/div>\n\t\t\t\t<div class=\"elementor-element elementor-element-7291844 whitelink elementor-widget elementor-widget-text-editor\" data-id=\"7291844\" data-element_type=\"widget\" data-widget_type=\"text-editor.default\">\n\t\t\t\t<div class=\"elementor-widget-container\">\n\t\t\t\t\t\t\t<p><span lang=\"EN\">Za vise informacije pozovite nas. <br \/>Kontakt osoba:<\/span><\/p><p><strong>Ime:<\/strong> Robertino KNYUR<\/p><p><strong>Email adresa:<\/strong> <a href=\"mailto:robertino@abraziv.hu\">robertino@abraziv.hu<\/a><\/p><p><strong>Telefon:<\/strong> <a href=\"tel: 36202861856\">+36 20 286 1856<\/a><\/p>\t\t\t\t\t\t<\/div>\n\t\t\t\t<\/div>\n\t\t\t\t\t<\/div>\n\t\t<\/div>\n\t\t\t\t\t<\/div>\n\t\t<\/section>\n\t\t\t\t\t<\/div>\n\t\t<\/div>\n\t\t\t\t\t<\/div>\n\t\t<\/section>\n\t\t\t\t<section class=\"elementor-section elementor-top-section elementor-element elementor-element-48f1d3b elementor-section-boxed elementor-section-height-default elementor-section-height-default\" data-id=\"48f1d3b\" data-element_type=\"section\" data-settings=\"{&quot;jet_parallax_layout_list&quot;:[]}\">\n\t\t\t\t\t\t<div class=\"elementor-container elementor-column-gap-default\">\n\t\t\t\t\t<div class=\"elementor-column elementor-col-100 elementor-top-column elementor-element elementor-element-27649be\" data-id=\"27649be\" data-element_type=\"column\">\n\t\t\t<div class=\"elementor-widget-wrap\">\n\t\t\t\t\t\t\t<\/div>\n\t\t<\/div>\n\t\t\t\t\t<\/div>\n\t\t<\/section>\n\t\t\t\t<\/div>","protected":false},"excerpt":{"rendered":"<p>Contact Office ABRAZIV Engineering Office and Machine Mfg Ltd. H-6000 Kecskem\u00e9t, Paul Lechler utca 3.Tel: +36 76 815 900Email: feed@abraziv.hu Contact us Contact persons Zsolt Mondik CEO+36 76 815 911mondik@abraziv.hu P\u00e9ter Szuchy Operations Manager+36 76 815 900peter.szuchy@abraziv.hu Gy\u00f6rgy Misits CTO+36 76 815 912misits@abraziv.hu Andor Guly\u00e1s Service Branch Director+36 76 815 913gulyas@abraziv.hu Worldwide Please feel free [&hellip;]<\/p>","protected":false},"author":1,"featured_media":0,"parent":0,"menu_order":0,"comment_status":"closed","ping_status":"closed","template":"elementor_header_footer","meta":{"footnotes":""},"_links":{"self":[{"href":"https:\/\/www.abrazivfeed.hu\/hu\/wp-json\/wp\/v2\/pages\/681"}],"collection":[{"href":"https:\/\/www.abrazivfeed.hu\/hu\/wp-json\/wp\/v2\/pages"}],"about":[{"href":"https:\/\/www.abrazivfeed.hu\/hu\/wp-json\/wp\/v2\/types\/page"}],"author":[{"embeddable":true,"href":"https:\/\/www.abrazivfeed.hu\/hu\/wp-json\/wp\/v2\/users\/1"}],"replies":[{"embeddable":true,"href":"https:\/\/www.abrazivfeed.hu\/hu\/wp-json\/wp\/v2\/comments?post=681"}],"version-history":[{"count":281,"href":"https:\/\/www.abrazivfeed.hu\/hu\/wp-json\/wp\/v2\/pages\/681\/revisions"}],"predecessor-version":[{"id":4491,"href":"https:\/\/www.abrazivfeed.hu\/hu\/wp-json\/wp\/v2\/pages\/681\/revisions\/4491"}],"wp:attachment":[{"href":"https:\/\/www.abrazivfeed.hu\/hu\/wp-json\/wp\/v2\/media?parent=681"}],"curies":[{"name":"wp","href":"https:\/\/api.w.org\/{rel}","templated":true}]}}