{"id":471,"date":"2022-05-24T13:47:23","date_gmt":"2022-05-24T13:47:23","guid":{"rendered":"https:\/\/www.abrazivfeed.hu\/?page_id=471"},"modified":"2022-05-31T13:14:25","modified_gmt":"2022-05-31T13:14:25","slug":"projects","status":"publish","type":"page","link":"https:\/\/www.abrazivfeed.hu\/hu\/referenciak\/","title":{"rendered":"Referenci\u00e1k"},"content":{"rendered":"<div data-elementor-type=\"wp-page\" data-elementor-id=\"471\" class=\"elementor elementor-471\" data-elementor-post-type=\"page\">\n\t\t\t\t\t\t<section class=\"elementor-section elementor-top-section elementor-element elementor-element-47a021e elementor-section-height-min-height elementor-section-boxed elementor-section-height-default elementor-section-items-middle\" data-id=\"47a021e\" data-element_type=\"section\" data-settings=\"{&quot;background_background&quot;:&quot;classic&quot;,&quot;jet_parallax_layout_list&quot;:[]}\">\n\t\t\t\t\t\t<div class=\"elementor-container elementor-column-gap-default\">\n\t\t\t\t\t<div class=\"elementor-column elementor-col-100 elementor-top-column elementor-element elementor-element-b7f75ec\" data-id=\"b7f75ec\" data-element_type=\"column\">\n\t\t\t<div class=\"elementor-widget-wrap elementor-element-populated\">\n\t\t\t\t\t\t<div class=\"elementor-element elementor-element-04cc2bf elementor-widget elementor-widget-heading\" data-id=\"04cc2bf\" data-element_type=\"widget\" data-widget_type=\"heading.default\">\n\t\t\t\t<div class=\"elementor-widget-container\">\n\t\t\t<h1 class=\"elementor-heading-title elementor-size-default\">Referenci\u00e1k<\/h1>\t\t<\/div>\n\t\t\t\t<\/div>\n\t\t\t\t\t<\/div>\n\t\t<\/div>\n\t\t\t\t\t<\/div>\n\t\t<\/section>\n\t\t\t\t<section class=\"elementor-section elementor-top-section elementor-element elementor-element-df735c8 elementor-section-boxed elementor-section-height-default elementor-section-height-default\" data-id=\"df735c8\" data-element_type=\"section\" data-settings=\"{&quot;background_background&quot;:&quot;classic&quot;,&quot;jet_parallax_layout_list&quot;:[]}\">\n\t\t\t\t\t\t<div class=\"elementor-container elementor-column-gap-default\">\n\t\t\t\t\t<div class=\"elementor-column elementor-col-100 elementor-top-column elementor-element elementor-element-66bdc5b\" data-id=\"66bdc5b\" data-element_type=\"column\">\n\t\t\t<div class=\"elementor-widget-wrap elementor-element-populated\">\n\t\t\t\t\t\t<section class=\"elementor-section elementor-inner-section elementor-element elementor-element-d9dfb96 elementor-reverse-mobile elementor-section-boxed elementor-section-height-default elementor-section-height-default\" data-id=\"d9dfb96\" data-element_type=\"section\" data-settings=\"{&quot;jet_parallax_layout_list&quot;:[]}\">\n\t\t\t\t\t\t<div class=\"elementor-container elementor-column-gap-default\">\n\t\t\t\t\t<div class=\"elementor-column elementor-col-50 elementor-inner-column elementor-element elementor-element-c2d442f\" data-id=\"c2d442f\" data-element_type=\"column\" data-settings=\"{&quot;background_background&quot;:&quot;classic&quot;}\">\n\t\t\t<div class=\"elementor-widget-wrap elementor-element-populated\">\n\t\t\t\t\t\t<div class=\"elementor-element elementor-element-b06ffc5 elementor-widget elementor-widget-heading\" data-id=\"b06ffc5\" data-element_type=\"widget\" data-widget_type=\"heading.default\">\n\t\t\t\t<div class=\"elementor-widget-container\">\n\t\t\t<h2 class=\"elementor-heading-title elementor-size-default\">Megval\u00f3sult projektek<\/h2>\t\t<\/div>\n\t\t\t\t<\/div>\n\t\t\t\t<div class=\"elementor-element elementor-element-70b2e89 elementor-widget elementor-widget-text-editor\" data-id=\"70b2e89\" data-element_type=\"widget\" data-widget_type=\"text-editor.default\">\n\t\t\t\t<div class=\"elementor-widget-container\">\n\t\t\t\t\t\t\t<p>Tev\u00e9kenys\u00e9g\u00fcnk az egyedi g\u00e9pek tervez\u00e9s\u00e9t\u0151l, gy\u00e1rt\u00e1s\u00e1t\u00f3l \u00e9s telep\u00edt\u00e9s\u00e9t\u0151l a komplett technol\u00f3giai gy\u00e1rt\u00f3sorok \u00e9s teljes kever\u0151\u00fczemek tervez\u00e9s\u00e9ig \u00e9s kivitelez\u00e9s\u00e9ig terjed.<\/p><p>Takarm\u00e1nyipari g\u00e9peinket a magyarorsz\u00e1gi forgalmaz\u00e1s mellett jelenleg t\u00f6bb orsz\u00e1gba export\u00e1ljuk, fejleszt\u00e9seink ez\u00e9rt nemzetk\u00f6zi jelent\u0151s\u00e9ggel b\u00edrnak. Kiterjedt kapcsolati h\u00e1l\u00f3zatunk van Rom\u00e1nia, Szerbia, Lengyelorsz\u00e1g, Bulg\u00e1ria, Csehorsz\u00e1g, Szlov\u00e1kia, Szlov\u00e9nia, Horv\u00e1torsz\u00e1g, Ukrajna, Hollandia \u00e9s Ausztria takarm\u00e1nygy\u00e1rt\u00f3 piacain.<\/p>\t\t\t\t\t\t<\/div>\n\t\t\t\t<\/div>\n\t\t\t\t\t<\/div>\n\t\t<\/div>\n\t\t\t\t<div class=\"elementor-column elementor-col-50 elementor-inner-column elementor-element elementor-element-723516b\" data-id=\"723516b\" data-element_type=\"column\">\n\t\t\t<div class=\"elementor-widget-wrap elementor-element-populated\">\n\t\t\t\t\t\t<div class=\"elementor-element elementor-element-9a611b8 elementor-widget elementor-widget-image\" data-id=\"9a611b8\" data-element_type=\"widget\" data-widget_type=\"image.default\">\n\t\t\t\t<div class=\"elementor-widget-container\">\n\t\t\t\t\t\t\t\t\t\t\t\t\t<img fetchpriority=\"high\" decoding=\"async\" width=\"800\" height=\"589\" src=\"https:\/\/www.abrazivfeed.hu\/wp-content\/uploads\/2022\/05\/abraziv_map.jpg\" class=\"attachment-large size-large wp-image-581\" alt=\"\" srcset=\"https:\/\/www.abrazivfeed.hu\/wp-content\/uploads\/2022\/05\/abraziv_map.jpg 855w, https:\/\/www.abrazivfeed.hu\/wp-content\/uploads\/2022\/05\/abraziv_map-300x221.jpg 300w, https:\/\/www.abrazivfeed.hu\/wp-content\/uploads\/2022\/05\/abraziv_map-768x566.jpg 768w\" sizes=\"(max-width: 800px) 100vw, 800px\" \/>\t\t\t\t\t\t\t\t\t\t\t\t\t<\/div>\n\t\t\t\t<\/div>\n\t\t\t\t\t<\/div>\n\t\t<\/div>\n\t\t\t\t\t<\/div>\n\t\t<\/section>\n\t\t\t\t<div class=\"elementor-element elementor-element-cffff56 elementor-widget elementor-widget-heading\" data-id=\"cffff56\" data-element_type=\"widget\" data-widget_type=\"heading.default\">\n\t\t\t\t<div class=\"elementor-widget-container\">\n\t\t\t<h2 class=\"elementor-heading-title elementor-size-default\">Referenci\u00e1k<\/h2>\t\t<\/div>\n\t\t\t\t<\/div>\n\t\t\t\t<div class=\"elementor-element elementor-element-bb9d3dc elementor-grid-3 elementor-grid-tablet-2 elementor-grid-mobile-1 elementor-posts--thumbnail-top elementor-card-shadow-yes elementor-posts__hover-gradient elementor-widget elementor-widget-posts\" data-id=\"bb9d3dc\" data-element_type=\"widget\" data-settings=\"{&quot;cards_columns&quot;:&quot;3&quot;,&quot;cards_columns_tablet&quot;:&quot;2&quot;,&quot;cards_columns_mobile&quot;:&quot;1&quot;,&quot;cards_row_gap&quot;:{&quot;unit&quot;:&quot;px&quot;,&quot;size&quot;:35,&quot;sizes&quot;:[]},&quot;cards_row_gap_laptop&quot;:{&quot;unit&quot;:&quot;px&quot;,&quot;size&quot;:&quot;&quot;,&quot;sizes&quot;:[]},&quot;cards_row_gap_tablet&quot;:{&quot;unit&quot;:&quot;px&quot;,&quot;size&quot;:&quot;&quot;,&quot;sizes&quot;:[]},&quot;cards_row_gap_mobile&quot;:{&quot;unit&quot;:&quot;px&quot;,&quot;size&quot;:&quot;&quot;,&quot;sizes&quot;:[]}}\" data-widget_type=\"posts.cards\">\n\t\t\t\t<div class=\"elementor-widget-container\">\n\t\t\t\t\t<div class=\"elementor-posts-container elementor-posts elementor-posts--skin-cards elementor-grid\">\n\t\t\t\t<article class=\"elementor-post elementor-grid-item post-4210 post type-post status-publish format-standard has-post-thumbnail hentry category-projects\">\n\t\t\t<div class=\"elementor-post__card\">\n\t\t\t\t<a class=\"elementor-post__thumbnail__link\" href=\"https:\/\/www.abrazivfeed.hu\/hu\/projektek\/vitafort-zrt\/\" tabindex=\"-1\" ><div class=\"elementor-post__thumbnail\"><img decoding=\"async\" width=\"768\" height=\"477\" src=\"https:\/\/www.abrazivfeed.hu\/wp-content\/uploads\/2025\/01\/montazs-epitkezes-kicsi-768x477.jpg\" class=\"attachment-medium_large size-medium_large wp-image-4230\" alt=\"\" srcset=\"https:\/\/www.abrazivfeed.hu\/wp-content\/uploads\/2025\/01\/montazs-epitkezes-kicsi-768x477.jpg 768w, https:\/\/www.abrazivfeed.hu\/wp-content\/uploads\/2025\/01\/montazs-epitkezes-kicsi-300x186.jpg 300w, https:\/\/www.abrazivfeed.hu\/wp-content\/uploads\/2025\/01\/montazs-epitkezes-kicsi-1024x636.jpg 1024w, https:\/\/www.abrazivfeed.hu\/wp-content\/uploads\/2025\/01\/montazs-epitkezes-kicsi-1536x954.jpg 1536w, https:\/\/www.abrazivfeed.hu\/wp-content\/uploads\/2025\/01\/montazs-epitkezes-kicsi-2048x1272.jpg 2048w, https:\/\/www.abrazivfeed.hu\/wp-content\/uploads\/2025\/01\/montazs-epitkezes-kicsi-18x12.jpg 18w\" sizes=\"(max-width: 768px) 100vw, 768px\" \/><\/div><\/a>\n\t\t\t\t<div class=\"elementor-post__text\">\n\t\t\t\t<h3 class=\"elementor-post__title\">\n\t\t\t<a href=\"https:\/\/www.abrazivfeed.hu\/hu\/projektek\/vitafort-zrt\/\" >\n\t\t\t\tVitafort Zrt.\t\t\t<\/a>\n\t\t<\/h3>\n\t\t\n\t\t<a class=\"elementor-post__read-more\" href=\"https:\/\/www.abrazivfeed.hu\/hu\/projektek\/vitafort-zrt\/\" aria-label=\"Read more about Vitafort Zrt.\" tabindex=\"-1\" >\n\t\t\tTudjon meg t\u00f6bbet \u00bb\t\t<\/a>\n\n\t\t\t\t<\/div>\n\t\t\t\t\t<\/div>\n\t\t<\/article>\n\t\t\t\t<article class=\"elementor-post elementor-grid-item post-462 post type-post status-publish format-standard has-post-thumbnail hentry category-projects\">\n\t\t\t<div class=\"elementor-post__card\">\n\t\t\t\t<a class=\"elementor-post__thumbnail__link\" href=\"https:\/\/www.abrazivfeed.hu\/hu\/projektek\/master-good\/\" tabindex=\"-1\" ><div class=\"elementor-post__thumbnail\"><img decoding=\"async\" width=\"768\" height=\"442\" src=\"https:\/\/www.abrazivfeed.hu\/wp-content\/uploads\/2022\/05\/mastergood_intro-768x442.jpg\" class=\"attachment-medium_large size-medium_large wp-image-463\" alt=\"\" srcset=\"https:\/\/www.abrazivfeed.hu\/wp-content\/uploads\/2022\/05\/mastergood_intro-768x442.jpg 768w, https:\/\/www.abrazivfeed.hu\/wp-content\/uploads\/2022\/05\/mastergood_intro-300x173.jpg 300w, https:\/\/www.abrazivfeed.hu\/wp-content\/uploads\/2022\/05\/mastergood_intro.jpg 960w\" sizes=\"(max-width: 768px) 100vw, 768px\" \/><\/div><\/a>\n\t\t\t\t<div class=\"elementor-post__text\">\n\t\t\t\t<h3 class=\"elementor-post__title\">\n\t\t\t<a href=\"https:\/\/www.abrazivfeed.hu\/hu\/projektek\/master-good\/\" >\n\t\t\t\tMaster Good\t\t\t<\/a>\n\t\t<\/h3>\n\t\t\n\t\t<a class=\"elementor-post__read-more\" href=\"https:\/\/www.abrazivfeed.hu\/hu\/projektek\/master-good\/\" aria-label=\"Read more about Master Good\" tabindex=\"-1\" >\n\t\t\tTudjon meg t\u00f6bbet \u00bb\t\t<\/a>\n\n\t\t\t\t<\/div>\n\t\t\t\t\t<\/div>\n\t\t<\/article>\n\t\t\t\t<article class=\"elementor-post elementor-grid-item post-465 post type-post status-publish format-standard has-post-thumbnail hentry category-projects\">\n\t\t\t<div class=\"elementor-post__card\">\n\t\t\t\t<a class=\"elementor-post__thumbnail__link\" href=\"https:\/\/www.abrazivfeed.hu\/hu\/projektek\/ubm-feed-romania\/\" tabindex=\"-1\" ><div class=\"elementor-post__thumbnail\"><img loading=\"lazy\" decoding=\"async\" width=\"768\" height=\"480\" src=\"https:\/\/www.abrazivfeed.hu\/wp-content\/uploads\/2022\/05\/ubm_romania_intro-768x480.jpg\" class=\"attachment-medium_large size-medium_large wp-image-466\" alt=\"\" srcset=\"https:\/\/www.abrazivfeed.hu\/wp-content\/uploads\/2022\/05\/ubm_romania_intro-768x480.jpg 768w, https:\/\/www.abrazivfeed.hu\/wp-content\/uploads\/2022\/05\/ubm_romania_intro-300x188.jpg 300w, https:\/\/www.abrazivfeed.hu\/wp-content\/uploads\/2022\/05\/ubm_romania_intro.jpg 960w\" sizes=\"(max-width: 768px) 100vw, 768px\" \/><\/div><\/a>\n\t\t\t\t<div class=\"elementor-post__text\">\n\t\t\t\t<h3 class=\"elementor-post__title\">\n\t\t\t<a href=\"https:\/\/www.abrazivfeed.hu\/hu\/projektek\/ubm-feed-romania\/\" >\n\t\t\t\tUBM Feed Romania\t\t\t<\/a>\n\t\t<\/h3>\n\t\t\n\t\t<a class=\"elementor-post__read-more\" href=\"https:\/\/www.abrazivfeed.hu\/hu\/projektek\/ubm-feed-romania\/\" aria-label=\"Read more about UBM Feed Romania\" tabindex=\"-1\" >\n\t\t\tTudjon meg t\u00f6bbet \u00bb\t\t<\/a>\n\n\t\t\t\t<\/div>\n\t\t\t\t\t<\/div>\n\t\t<\/article>\n\t\t\t\t<article class=\"elementor-post elementor-grid-item post-468 post type-post status-publish format-standard has-post-thumbnail hentry category-projects\">\n\t\t\t<div class=\"elementor-post__card\">\n\t\t\t\t<a class=\"elementor-post__thumbnail__link\" href=\"https:\/\/www.abrazivfeed.hu\/hu\/projektek\/cargill\/\" tabindex=\"-1\" ><div class=\"elementor-post__thumbnail\"><img loading=\"lazy\" decoding=\"async\" width=\"768\" height=\"480\" src=\"https:\/\/www.abrazivfeed.hu\/wp-content\/uploads\/2022\/05\/cargill_intro_02-768x480.jpg\" class=\"attachment-medium_large size-medium_large wp-image-856\" alt=\"\" srcset=\"https:\/\/www.abrazivfeed.hu\/wp-content\/uploads\/2022\/05\/cargill_intro_02-768x480.jpg 768w, https:\/\/www.abrazivfeed.hu\/wp-content\/uploads\/2022\/05\/cargill_intro_02-300x188.jpg 300w, https:\/\/www.abrazivfeed.hu\/wp-content\/uploads\/2022\/05\/cargill_intro_02.jpg 960w\" sizes=\"(max-width: 768px) 100vw, 768px\" \/><\/div><\/a>\n\t\t\t\t<div class=\"elementor-post__text\">\n\t\t\t\t<h3 class=\"elementor-post__title\">\n\t\t\t<a href=\"https:\/\/www.abrazivfeed.hu\/hu\/projektek\/cargill\/\" >\n\t\t\t\tCargill\t\t\t<\/a>\n\t\t<\/h3>\n\t\t\n\t\t<a class=\"elementor-post__read-more\" href=\"https:\/\/www.abrazivfeed.hu\/hu\/projektek\/cargill\/\" aria-label=\"Read more about Cargill\" tabindex=\"-1\" >\n\t\t\tTudjon meg t\u00f6bbet \u00bb\t\t<\/a>\n\n\t\t\t\t<\/div>\n\t\t\t\t\t<\/div>\n\t\t<\/article>\n\t\t\t\t<article class=\"elementor-post elementor-grid-item post-477 post type-post status-publish format-standard has-post-thumbnail hentry category-projects\">\n\t\t\t<div class=\"elementor-post__card\">\n\t\t\t\t<a class=\"elementor-post__thumbnail__link\" href=\"https:\/\/www.abrazivfeed.hu\/hu\/projektek\/gyermelyi\/\" tabindex=\"-1\" ><div class=\"elementor-post__thumbnail\"><img loading=\"lazy\" decoding=\"async\" width=\"768\" height=\"480\" src=\"https:\/\/www.abrazivfeed.hu\/wp-content\/uploads\/2022\/05\/gyermelyi_intro-768x480.jpg\" class=\"attachment-medium_large size-medium_large wp-image-485\" alt=\"\" srcset=\"https:\/\/www.abrazivfeed.hu\/wp-content\/uploads\/2022\/05\/gyermelyi_intro-768x480.jpg 768w, https:\/\/www.abrazivfeed.hu\/wp-content\/uploads\/2022\/05\/gyermelyi_intro-300x188.jpg 300w, https:\/\/www.abrazivfeed.hu\/wp-content\/uploads\/2022\/05\/gyermelyi_intro.jpg 960w\" sizes=\"(max-width: 768px) 100vw, 768px\" \/><\/div><\/a>\n\t\t\t\t<div class=\"elementor-post__text\">\n\t\t\t\t<h3 class=\"elementor-post__title\">\n\t\t\t<a href=\"https:\/\/www.abrazivfeed.hu\/hu\/projektek\/gyermelyi\/\" >\n\t\t\t\tGyermelyi\t\t\t<\/a>\n\t\t<\/h3>\n\t\t\n\t\t<a class=\"elementor-post__read-more\" href=\"https:\/\/www.abrazivfeed.hu\/hu\/projektek\/gyermelyi\/\" aria-label=\"Read more about Gyermelyi\" tabindex=\"-1\" >\n\t\t\tTudjon meg t\u00f6bbet \u00bb\t\t<\/a>\n\n\t\t\t\t<\/div>\n\t\t\t\t\t<\/div>\n\t\t<\/article>\n\t\t\t\t<article class=\"elementor-post elementor-grid-item post-528 post type-post status-publish format-standard has-post-thumbnail hentry category-projects\">\n\t\t\t<div class=\"elementor-post__card\">\n\t\t\t\t<a class=\"elementor-post__thumbnail__link\" href=\"https:\/\/www.abrazivfeed.hu\/hu\/projektek\/ma-ka-kft\/\" tabindex=\"-1\" ><div class=\"elementor-post__thumbnail\"><img loading=\"lazy\" decoding=\"async\" width=\"768\" height=\"480\" src=\"https:\/\/www.abrazivfeed.hu\/wp-content\/uploads\/2022\/05\/ma-ka_intro-768x480.jpg\" class=\"attachment-medium_large size-medium_large wp-image-529\" alt=\"\" srcset=\"https:\/\/www.abrazivfeed.hu\/wp-content\/uploads\/2022\/05\/ma-ka_intro-768x480.jpg 768w, https:\/\/www.abrazivfeed.hu\/wp-content\/uploads\/2022\/05\/ma-ka_intro-300x188.jpg 300w, https:\/\/www.abrazivfeed.hu\/wp-content\/uploads\/2022\/05\/ma-ka_intro.jpg 960w\" sizes=\"(max-width: 768px) 100vw, 768px\" \/><\/div><\/a>\n\t\t\t\t<div class=\"elementor-post__text\">\n\t\t\t\t<h3 class=\"elementor-post__title\">\n\t\t\t<a href=\"https:\/\/www.abrazivfeed.hu\/hu\/projektek\/ma-ka-kft\/\" >\n\t\t\t\tMa-Ka Kft.\t\t\t<\/a>\n\t\t<\/h3>\n\t\t\n\t\t<a class=\"elementor-post__read-more\" href=\"https:\/\/www.abrazivfeed.hu\/hu\/projektek\/ma-ka-kft\/\" aria-label=\"Read more about Ma-Ka Kft.\" tabindex=\"-1\" >\n\t\t\tTudjon meg t\u00f6bbet \u00bb\t\t<\/a>\n\n\t\t\t\t<\/div>\n\t\t\t\t\t<\/div>\n\t\t<\/article>\n\t\t\t\t<\/div>\n\t\t\n\t\t\t\t<\/div>\n\t\t\t\t<\/div>\n\t\t\t\t<div class=\"elementor-element elementor-element-4088a46 elementor-widget elementor-widget-heading\" data-id=\"4088a46\" data-element_type=\"widget\" data-widget_type=\"heading.default\">\n\t\t\t\t<div class=\"elementor-widget-container\">\n\t\t\t<h2 class=\"elementor-heading-title elementor-size-default\">Vide\u00f3k<\/h2>\t\t<\/div>\n\t\t\t\t<\/div>\n\t\t\t\t<div class=\"elementor-element elementor-element-28c7ce6 elementor-widget elementor-widget-jet-posts\" data-id=\"28c7ce6\" data-element_type=\"widget\" data-settings=\"{&quot;columns&quot;:&quot;3&quot;,&quot;columns_mobile&quot;:&quot;1&quot;,&quot;slides_to_scroll&quot;:&quot;1&quot;}\" data-widget_type=\"jet-posts.default\">\n\t\t\t\t<div class=\"elementor-widget-container\">\n\t\t\t<div class=\"elementor-jet-posts jet-elements\"><div class=\"jet-carousel elementor-slick-slider\" data-slider_options=\"{&quot;autoplaySpeed&quot;:5000,&quot;autoplay&quot;:true,&quot;infinite&quot;:true,&quot;pauseOnHover&quot;:false,&quot;speed&quot;:500,&quot;arrows&quot;:false,&quot;dots&quot;:true,&quot;slidesToScroll&quot;:1,&quot;prevArrow&quot;:&quot;.jet-posts__prev-arrow-28c7ce6&quot;,&quot;nextArrow&quot;:&quot;.jet-posts__next-arrow-28c7ce6&quot;,&quot;rtl&quot;:false}\" dir=\"ltr\"><div class=\"jet-posts col-row  jet-equal-cols\"><div class=\"jet-posts__item\">\n\t<div class=\"jet-posts__inner-box\"><div class=\"post-thumbnail\"><a href=\"https:\/\/www.abrazivfeed.hu\/hu\/video\/abraziv-ltd-corporate-video\/\" class=\"post-thumbnail__link\"><img loading=\"lazy\" decoding=\"async\" class=\"post-thumbnail__img wp-post-image\" src=\"https:\/\/www.abrazivfeed.hu\/wp-content\/uploads\/2022\/05\/video_intro_abraziv.jpg\" alt=\"ABRAZIV Kft bemutatkoz\u00e1s\" width=\"960\" height=\"600\"><\/a><\/div><div class=\"jet-posts__inner-content\"><h4 class=\"entry-title\"><a href=\"https:\/\/www.abrazivfeed.hu\/hu\/video\/abraziv-ltd-corporate-video\/\" target=\"\">ABRAZIV Kft bemutatkoz\u00e1s<\/a><\/h4><div class=\"entry-excerpt\">Takarm\u00e1nyipari \u00e9s \u00f6mlesztett anyag kezel\u0151 g\u00e9peink az \u00f6mlesztett anyagok kezel\u00e9s\u00e9t, t\u00e1rol\u00e1s\u00e1t, adagol\u00e1s\u00e1t, feldolgoz\u00e1s\u00e1t l\u00e1tj\u00e1k el...<\/div><\/div><\/div>\n<\/div>\n<div class=\"jet-posts__item\">\n\t<div class=\"jet-posts__inner-box\"><div class=\"post-thumbnail\"><a href=\"https:\/\/www.abrazivfeed.hu\/hu\/video\/a-z-plant-4-0-feed-concentrate-and-premix-plant\/\" class=\"post-thumbnail__link\"><img loading=\"lazy\" decoding=\"async\" class=\"post-thumbnail__img wp-post-image\" src=\"https:\/\/www.abrazivfeed.hu\/wp-content\/uploads\/2022\/05\/video_intro_azplant.jpg\" alt=\"A-Z \u00dczem 4.0 K\u00f6z\u00e9p-Eur\u00f3pa legmodernebb takarm\u00e1nygy\u00e1ra\" width=\"960\" height=\"600\"><\/a><\/div><div class=\"jet-posts__inner-content\"><h4 class=\"entry-title\"><a href=\"https:\/\/www.abrazivfeed.hu\/hu\/video\/a-z-plant-4-0-feed-concentrate-and-premix-plant\/\" target=\"\">A-Z \u00dczem 4.0 K\u00f6z\u00e9p-Eur\u00f3pa legmodernebb takarm\u00e1nygy\u00e1ra<\/a><\/h4><div class=\"entry-excerpt\">Az Abraziv Kft. tervezte \u00e9s \u00e9p\u00edti K\u00f6z\u00e9p-Eur\u00f3pa legmodernebb takarm\u00e1ny-, koncentr\u00e1tum- \u00e9s premixgy\u00e1r\u00e1t...<\/div><\/div><\/div>\n<\/div>\n<div class=\"jet-posts__item\">\n\t<div class=\"jet-posts__inner-box\"><div class=\"post-thumbnail\"><a href=\"https:\/\/www.abrazivfeed.hu\/hu\/video\/3d-design-with-the-most-up-to-date-tools\/\" class=\"post-thumbnail__link\"><img loading=\"lazy\" decoding=\"async\" class=\"post-thumbnail__img wp-post-image\" src=\"https:\/\/www.abrazivfeed.hu\/wp-content\/uploads\/2022\/05\/video_intro_3dplan.jpg\" alt=\"3D tervez\u00e9s a legkorszer\u0171bb eszk\u00f6z\u00f6kkel\" width=\"960\" height=\"600\"><\/a><\/div><div class=\"jet-posts__inner-content\"><h4 class=\"entry-title\"><a href=\"https:\/\/www.abrazivfeed.hu\/hu\/video\/3d-design-with-the-most-up-to-date-tools\/\" target=\"\">3D tervez\u00e9s a legkorszer\u0171bb eszk\u00f6z\u00f6kkel<\/a><\/h4><div class=\"entry-excerpt\">A takarm\u00e1nyipari- \u00e9s \u00f6mlesztett anyag kezel\u0151 g\u00e9pek \u00e9s gy\u00e1rak tervez\u00e9se hosszas folyamat...<\/div><\/div><\/div>\n<\/div>\n<div class=\"jet-posts__item\">\n\t<div class=\"jet-posts__inner-box\"><div class=\"post-thumbnail\"><a href=\"https:\/\/www.abrazivfeed.hu\/hu\/video\/ubm-premix-manufacturing-plant\/\" class=\"post-thumbnail__link\"><img loading=\"lazy\" decoding=\"async\" class=\"post-thumbnail__img wp-post-image\" src=\"https:\/\/www.abrazivfeed.hu\/wp-content\/uploads\/2022\/05\/video_intro_ubm.jpg\" alt=\"UBM k\u00f6rnyei premixgy\u00e1rt\u00f3 \u00fczem\" width=\"960\" height=\"600\"><\/a><\/div><div class=\"jet-posts__inner-content\"><h4 class=\"entry-title\"><a href=\"https:\/\/www.abrazivfeed.hu\/hu\/video\/ubm-premix-manufacturing-plant\/\" target=\"\">UBM k\u00f6rnyei premixgy\u00e1rt\u00f3 \u00fczem<\/a><\/h4><div class=\"entry-excerpt\">Az UBM Csoport magyarorsz\u00e1gi, K\u00f6rny\u00e9n tal\u00e1lhat\u00f3, leg\u00fajabb technol\u00f3giai megold\u00e1sokkal felszerelt premixgy\u00e1rt\u00f3 \u00fczeme...<\/div><\/div><\/div>\n<\/div>\n<\/div>\n<\/div><\/div>\t\t<\/div>\n\t\t\t\t<\/div>\n\t\t\t\t\t<\/div>\n\t\t<\/div>\n\t\t\t\t\t<\/div>\n\t\t<\/section>\n\t\t\t\t<\/div>","protected":false},"excerpt":{"rendered":"<p>Projects Past Projects Our operation ranges from the design, manufacturing and installation of custom machines to the design and construction of complete technological production lines<\/p>","protected":false},"author":1,"featured_media":0,"parent":0,"menu_order":0,"comment_status":"closed","ping_status":"closed","template":"elementor_header_footer","meta":{"footnotes":""},"_links":{"self":[{"href":"https:\/\/www.abrazivfeed.hu\/hu\/wp-json\/wp\/v2\/pages\/471"}],"collection":[{"href":"https:\/\/www.abrazivfeed.hu\/hu\/wp-json\/wp\/v2\/pages"}],"about":[{"href":"https:\/\/www.abrazivfeed.hu\/hu\/wp-json\/wp\/v2\/types\/page"}],"author":[{"embeddable":true,"href":"https:\/\/www.abrazivfeed.hu\/hu\/wp-json\/wp\/v2\/users\/1"}],"replies":[{"embeddable":true,"href":"https:\/\/www.abrazivfeed.hu\/hu\/wp-json\/wp\/v2\/comments?post=471"}],"version-history":[{"count":88,"href":"https:\/\/www.abrazivfeed.hu\/hu\/wp-json\/wp\/v2\/pages\/471\/revisions"}],"predecessor-version":[{"id":1506,"href":"https:\/\/www.abrazivfeed.hu\/hu\/wp-json\/wp\/v2\/pages\/471\/revisions\/1506"}],"wp:attachment":[{"href":"https:\/\/www.abrazivfeed.hu\/hu\/wp-json\/wp\/v2\/media?parent=471"}],"curies":[{"name":"wp","href":"https:\/\/api.w.org\/{rel}","templated":true}]}}