{"id":428,"date":"2022-05-24T10:19:22","date_gmt":"2022-05-24T10:19:22","guid":{"rendered":"https:\/\/www.abrazivfeed.hu\/?page_id=428"},"modified":"2022-05-31T13:16:58","modified_gmt":"2022-05-31T13:16:58","slug":"about-us","status":"publish","type":"page","link":"https:\/\/www.abrazivfeed.hu\/hu\/rolunk\/","title":{"rendered":"R\u00f3lunk"},"content":{"rendered":"<div data-elementor-type=\"wp-page\" data-elementor-id=\"428\" class=\"elementor elementor-428\" data-elementor-post-type=\"page\">\n\t\t\t\t\t\t<section class=\"elementor-section elementor-top-section elementor-element elementor-element-47a021e elementor-section-height-min-height elementor-section-boxed elementor-section-height-default elementor-section-items-middle\" data-id=\"47a021e\" data-element_type=\"section\" data-settings=\"{&quot;background_background&quot;:&quot;classic&quot;,&quot;jet_parallax_layout_list&quot;:[]}\">\n\t\t\t\t\t\t<div class=\"elementor-container elementor-column-gap-default\">\n\t\t\t\t\t<div class=\"elementor-column elementor-col-100 elementor-top-column elementor-element elementor-element-b7f75ec\" data-id=\"b7f75ec\" data-element_type=\"column\">\n\t\t\t<div class=\"elementor-widget-wrap elementor-element-populated\">\n\t\t\t\t\t\t<div class=\"elementor-element elementor-element-04cc2bf elementor-widget elementor-widget-heading\" data-id=\"04cc2bf\" data-element_type=\"widget\" data-widget_type=\"heading.default\">\n\t\t\t\t<div class=\"elementor-widget-container\">\n\t\t\t<h1 class=\"elementor-heading-title elementor-size-default\">R\u00f3lunk<\/h1>\t\t<\/div>\n\t\t\t\t<\/div>\n\t\t\t\t\t<\/div>\n\t\t<\/div>\n\t\t\t\t\t<\/div>\n\t\t<\/section>\n\t\t\t\t<section class=\"elementor-section elementor-top-section elementor-element elementor-element-df735c8 elementor-section-boxed elementor-section-height-default elementor-section-height-default\" data-id=\"df735c8\" data-element_type=\"section\" data-settings=\"{&quot;background_background&quot;:&quot;classic&quot;,&quot;jet_parallax_layout_list&quot;:[]}\">\n\t\t\t\t\t\t<div class=\"elementor-container elementor-column-gap-default\">\n\t\t\t\t\t<div class=\"elementor-column elementor-col-100 elementor-top-column elementor-element elementor-element-66bdc5b\" data-id=\"66bdc5b\" data-element_type=\"column\">\n\t\t\t<div class=\"elementor-widget-wrap elementor-element-populated\">\n\t\t\t\t\t\t<section class=\"elementor-section elementor-inner-section elementor-element elementor-element-7edd9fa elementor-reverse-mobile elementor-section-boxed elementor-section-height-default elementor-section-height-default\" data-id=\"7edd9fa\" data-element_type=\"section\" data-settings=\"{&quot;jet_parallax_layout_list&quot;:[]}\">\n\t\t\t\t\t\t<div class=\"elementor-container elementor-column-gap-default\">\n\t\t\t\t\t<div class=\"elementor-column elementor-col-50 elementor-inner-column elementor-element elementor-element-03156c8\" data-id=\"03156c8\" data-element_type=\"column\" data-settings=\"{&quot;background_background&quot;:&quot;classic&quot;}\">\n\t\t\t<div class=\"elementor-widget-wrap elementor-element-populated\">\n\t\t\t\t\t\t<div class=\"elementor-element elementor-element-b23d9b3 elementor-widget elementor-widget-heading\" data-id=\"b23d9b3\" data-element_type=\"widget\" data-widget_type=\"heading.default\">\n\t\t\t\t<div class=\"elementor-widget-container\">\n\t\t\t<h2 class=\"elementor-heading-title elementor-size-default\">Kik vagyunk?<\/h2>\t\t<\/div>\n\t\t\t\t<\/div>\n\t\t\t\t<div class=\"elementor-element elementor-element-707a4ad elementor-widget elementor-widget-text-editor\" data-id=\"707a4ad\" data-element_type=\"widget\" data-widget_type=\"text-editor.default\">\n\t\t\t\t<div class=\"elementor-widget-container\">\n\t\t\t\t\t\t\tV\u00e1llalatunk k\u00f6zel 40 \u00e9ves m\u00faltra tekint vissza. C\u00e9g\u00fcnk els\u0151dleges c\u00e9lja olyan min\u0151s\u00e9gi \u00e9s k\u00f6lts\u00e9ghat\u00e9kony megold\u00e1sokat ny\u00fajtani a takarm\u00e1nyipari \u00e9s a szemcsesz\u00f3r\u00f3 technol\u00f3giai ipar\u00e1gakban, melyek minden egyedi vev\u0151i ig\u00e9nyt kiel\u00e9g\u00edtenek.\t\t\t\t\t\t<\/div>\n\t\t\t\t<\/div>\n\t\t\t\t\t<\/div>\n\t\t<\/div>\n\t\t\t\t<div class=\"elementor-column elementor-col-50 elementor-inner-column elementor-element elementor-element-5f651a5\" data-id=\"5f651a5\" data-element_type=\"column\">\n\t\t\t<div class=\"elementor-widget-wrap elementor-element-populated\">\n\t\t\t\t\t\t<div class=\"elementor-element elementor-element-8462798 elementor-widget elementor-widget-image\" data-id=\"8462798\" data-element_type=\"widget\" data-widget_type=\"image.default\">\n\t\t\t\t<div class=\"elementor-widget-container\">\n\t\t\t\t\t\t\t\t\t\t\t\t\t<img fetchpriority=\"high\" decoding=\"async\" width=\"800\" height=\"589\" src=\"https:\/\/www.abrazivfeed.hu\/wp-content\/uploads\/2022\/05\/about_intro.jpg\" class=\"attachment-large size-large wp-image-579\" alt=\"\" srcset=\"https:\/\/www.abrazivfeed.hu\/wp-content\/uploads\/2022\/05\/about_intro.jpg 855w, https:\/\/www.abrazivfeed.hu\/wp-content\/uploads\/2022\/05\/about_intro-300x221.jpg 300w, https:\/\/www.abrazivfeed.hu\/wp-content\/uploads\/2022\/05\/about_intro-768x566.jpg 768w\" sizes=\"(max-width: 800px) 100vw, 800px\" \/>\t\t\t\t\t\t\t\t\t\t\t\t\t<\/div>\n\t\t\t\t<\/div>\n\t\t\t\t\t<\/div>\n\t\t<\/div>\n\t\t\t\t\t<\/div>\n\t\t<\/section>\n\t\t\t\t<div class=\"elementor-element elementor-element-53e53f6 elementor-widget elementor-widget-text-editor\" data-id=\"53e53f6\" data-element_type=\"widget\" data-widget_type=\"text-editor.default\">\n\t\t\t\t<div class=\"elementor-widget-container\">\n\t\t\t\t\t\t\t<p class=\" translation-block\">Takarm\u00e1nyipari tev\u00e9kenys\u00e9g\u00fcnk kiterjed az anyagtov\u00e1bb\u00edt\u00f3 g\u00e9pek, technol\u00f3giai t\u00e1rol\u00f3k, adagol\u00e1stechnikai berendez\u00e9sek, granul\u00e1l\u00e1l\u00e1sra \u00e9s extrud\u00e1l\u00e1sra fejlesztett g\u00e9pek \u00e9s komplett rendszerek tervez\u00e9s\u00e9re, gy\u00e1rt\u00e1s\u00e1ra, forgalmaz\u00e1s\u00e1ra, tov\u00e1bb\u00e1 kulcsrak\u00e9sz takarm\u00e1ny- \u00e9s premix \u00fczemek kivitelez\u00e9s\u00e9re. Term\u00e9keinket \u00e9s szolg\u00e1ltat\u00e1sainkat azoknak a c\u00e9geknek \u00e9s v\u00e1llalkoz\u00f3knak k\u00edn\u00e1ljuk, akik a legkorszer\u0171bb, energiahat\u00e9kony ipari berendez\u00e9sekkel felszerelt takarm\u00e1ny- vagy el\u0151kever\u0151 \u00fczemek \u00e9p\u00edt\u00e9s\u00e9t, b\u0151v\u00edt\u00e9s\u00e9t vagy technol\u00f3giai fejleszt\u00e9s\u00e9t tervezik, de \u00fczemautomatiz\u00e1l\u00e1sra is k\u00edn\u00e1lunk megold\u00e1sokat. G\u00e9peink nem csak a hazai agr\u00e1rszektorban, de K\u00f6z\u00e9p-Kelet Eur\u00f3pa m\u00e1s orsz\u00e1gaiban is sikeresen helyt\u00e1llnak.<\/p>\t\t\t\t\t\t<\/div>\n\t\t\t\t<\/div>\n\t\t\t\t<div class=\"elementor-element elementor-element-cffff56 elementor-widget elementor-widget-heading\" data-id=\"cffff56\" data-element_type=\"widget\" data-widget_type=\"heading.default\">\n\t\t\t\t<div class=\"elementor-widget-container\">\n\t\t\t<h2 class=\"elementor-heading-title elementor-size-default\">Id\u0151vonal<\/h2>\t\t<\/div>\n\t\t\t\t<\/div>\n\t\t\t\t<div class=\"elementor-element elementor-element-ba64b8d elementor-widget elementor-widget-jet-timeline\" data-id=\"ba64b8d\" data-element_type=\"widget\" data-widget_type=\"jet-timeline.default\">\n\t\t\t\t<div class=\"elementor-widget-container\">\n\t\t\t<div class=\"elementor-jet-timeline jet-elements\"><div class=\"jet-timeline jet-timeline--align-center jet-timeline--align-middle\">\n\t<div class=\"jet-timeline__line\"><div class=\"jet-timeline__line-progress\"><\/div><\/div>\n\t<div class=\"jet-timeline-list\"><div class=\"jet-timeline-item jet-timeline-item--animated elementor-repeater-item-1b32f34 jet-timeline-item--image-inside\">\n\t<div class=\"timeline-item__card\">\n\t\t<div class=\"timeline-item__card-inner\">\n\t\t\t\t\t\t\t\t<div class=\"timeline-item__card-content\">\n\t\t\t\t\t<div class=\"timeline-item__meta\"><div class=\"timeline-item__meta-content\">1984<\/div><\/div><h5 class=\"timeline-item__card-title\">Alap\u00edt\u00e1s<\/h5><div class=\"timeline-item__card-desc\">A n\u00e9gy alap\u00edt\u00f3 tag k\u00f6zrem\u0171k\u00f6d\u00e9s\u00e9vel megalakul az\nAbraziv Kft. jogel\u0151dje gazdas\u00e1gi munkak\u00f6z\u00f6ss\u00e9gk\u00e9nt<\/div>\t\t\t\t<\/div>\n\t\t\t\t\t\t<\/div>\n\t\t<div class=\"timeline-item__card-arrow\"><\/div>\n\t<\/div>\n\t<div class=\"timeline-item__point\"><div class=\"timeline-item__point-content timeline-item__point-content--icon\"><span class=\"jet-elements-icon\"><i aria-hidden=\"true\" class=\"fas fa-calendar-alt\"><\/i><\/span><\/div><\/div><div class=\"timeline-item__meta\"><div class=\"timeline-item__meta-content\">1984<\/div><\/div><\/div><div class=\"jet-timeline-item jet-timeline-item--animated elementor-repeater-item-ad780c4 jet-timeline-item--image-inside\">\n\t<div class=\"timeline-item__card\">\n\t\t<div class=\"timeline-item__card-inner\">\n\t\t\t\t\t\t\t\t<div class=\"timeline-item__card-content\">\n\t\t\t\t\t<div class=\"timeline-item__meta\"><div class=\"timeline-item__meta-content\">1990<\/div><\/div><h5 class=\"timeline-item__card-title\">N\u00f6veked\u00e9s<\/h5><div class=\"timeline-item__card-desc\">A t\u00e1rsas\u00e1g korl\u00e1tolt felel\u0151s\u00e9g\u0171 t\u00e1rsas\u00e1gg\u00e1 (Kft.) alakul<\/div>\t\t\t\t<\/div>\n\t\t\t\t\t\t<\/div>\n\t\t<div class=\"timeline-item__card-arrow\"><\/div>\n\t<\/div>\n\t<div class=\"timeline-item__point\"><div class=\"timeline-item__point-content timeline-item__point-content--icon\"><span class=\"jet-elements-icon\"><i aria-hidden=\"true\" class=\"fas fa-calendar-alt\"><\/i><\/span><\/div><\/div><div class=\"timeline-item__meta\"><div class=\"timeline-item__meta-content\">1990<\/div><\/div><\/div><div class=\"jet-timeline-item jet-timeline-item--animated elementor-repeater-item-04fc4f7 jet-timeline-item--image-inside\">\n\t<div class=\"timeline-item__card\">\n\t\t<div class=\"timeline-item__card-inner\">\n\t\t\t\t\t\t\t\t<div class=\"timeline-item__card-content\">\n\t\t\t\t\t<div class=\"timeline-item__meta\"><div class=\"timeline-item__meta-content\">1993<\/div><\/div><h5 class=\"timeline-item__card-title\">Struktur\u00e1l\u00f3d\u00e1s<\/h5><div class=\"timeline-item__card-desc\">Kialakul a v\u00e1llalkoz\u00e1s div\u00edzi\u00f3szervezete<\/div>\t\t\t\t<\/div>\n\t\t\t\t\t\t<\/div>\n\t\t<div class=\"timeline-item__card-arrow\"><\/div>\n\t<\/div>\n\t<div class=\"timeline-item__point\"><div class=\"timeline-item__point-content timeline-item__point-content--icon\"><span class=\"jet-elements-icon\"><i aria-hidden=\"true\" class=\"fas fa-calendar-alt\"><\/i><\/span><\/div><\/div><div class=\"timeline-item__meta\"><div class=\"timeline-item__meta-content\">1993<\/div><\/div><\/div><div class=\"jet-timeline-item jet-timeline-item--animated elementor-repeater-item-38c97f4 jet-timeline-item--image-inside\">\n\t<div class=\"timeline-item__card\">\n\t\t<div class=\"timeline-item__card-inner\">\n\t\t\t\t\t\t\t\t<div class=\"timeline-item__card-content\">\n\t\t\t\t\t<div class=\"timeline-item__meta\"><div class=\"timeline-item__meta-content\">1996<\/div><\/div><h5 class=\"timeline-item__card-title\">Az els\u0151 telephely<\/h5><div class=\"timeline-item__card-desc\">Az Abraziv bek\u00f6lt\u00f6zik az els\u0151 saj\u00e1t, Szent L\u00e1szl\u00f3 k\u00f6r\u00fati telephely\u00e9re<\/div>\t\t\t\t<\/div>\n\t\t\t\t\t\t<\/div>\n\t\t<div class=\"timeline-item__card-arrow\"><\/div>\n\t<\/div>\n\t<div class=\"timeline-item__point\"><div class=\"timeline-item__point-content timeline-item__point-content--icon\"><span class=\"jet-elements-icon\"><i aria-hidden=\"true\" class=\"fas fa-calendar-alt\"><\/i><\/span><\/div><\/div><div class=\"timeline-item__meta\"><div class=\"timeline-item__meta-content\">1996<\/div><\/div><\/div><div class=\"jet-timeline-item jet-timeline-item--animated elementor-repeater-item-69caf58 jet-timeline-item--image-inside\">\n\t<div class=\"timeline-item__card\">\n\t\t<div class=\"timeline-item__card-inner\">\n\t\t\t\t\t\t\t\t<div class=\"timeline-item__card-content\">\n\t\t\t\t\t<div class=\"timeline-item__meta\"><div class=\"timeline-item__meta-content\">2000<\/div><\/div><h5 class=\"timeline-item__card-title\">Az els\u0151 gy\u00e1rt\u00f3csarnok<\/h5><div class=\"timeline-item__card-desc\">Befejez\u0151dik az els\u0151 gy\u00e1rt\u00f3csarnok meg\u00e9p\u00edt\u00e9se<\/div>\t\t\t\t<\/div>\n\t\t\t\t\t\t<\/div>\n\t\t<div class=\"timeline-item__card-arrow\"><\/div>\n\t<\/div>\n\t<div class=\"timeline-item__point\"><div class=\"timeline-item__point-content timeline-item__point-content--icon\"><span class=\"jet-elements-icon\"><i aria-hidden=\"true\" class=\"fas fa-calendar-alt\"><\/i><\/span><\/div><\/div><div class=\"timeline-item__meta\"><div class=\"timeline-item__meta-content\">2000<\/div><\/div><\/div><div class=\"jet-timeline-item jet-timeline-item--animated elementor-repeater-item-b291e0f jet-timeline-item--image-inside\">\n\t<div class=\"timeline-item__card\">\n\t\t<div class=\"timeline-item__card-inner\">\n\t\t\t\t\t\t\t\t<div class=\"timeline-item__card-content\">\n\t\t\t\t\t<div class=\"timeline-item__meta\"><div class=\"timeline-item__meta-content\">2004<\/div><\/div><h5 class=\"timeline-item__card-title\">M\u00e1sodik gy\u00e1rt\u00f3csarnok<\/h5><div class=\"timeline-item__card-desc\">Sor ker\u00fcl a m\u00e1sodik gy\u00e1rt\u00f3csarnok meg\u00e9p\u00edt\u00e9s\u00e9re<\/div>\t\t\t\t<\/div>\n\t\t\t\t\t\t<\/div>\n\t\t<div class=\"timeline-item__card-arrow\"><\/div>\n\t<\/div>\n\t<div class=\"timeline-item__point\"><div class=\"timeline-item__point-content timeline-item__point-content--icon\"><span class=\"jet-elements-icon\"><i aria-hidden=\"true\" class=\"fas fa-calendar-alt\"><\/i><\/span><\/div><\/div><div class=\"timeline-item__meta\"><div class=\"timeline-item__meta-content\">2004<\/div><\/div><\/div><div class=\"jet-timeline-item jet-timeline-item--animated elementor-repeater-item-ed3bc47 jet-timeline-item--image-inside\">\n\t<div class=\"timeline-item__card\">\n\t\t<div class=\"timeline-item__card-inner\">\n\t\t\t\t\t\t\t\t<div class=\"timeline-item__card-content\">\n\t\t\t\t\t<div class=\"timeline-item__meta\"><div class=\"timeline-item__meta-content\">2006<\/div><\/div><h5 class=\"timeline-item__card-title\">Sz\u00e9khelyb\u0151v\u00edt\u00e9s<\/h5><div class=\"timeline-item__card-desc\">Iroda- \u00e9s szoci\u00e1lis helyis\u00e9gek b\u0151v\u00edt\u00e9se a Szent L\u00e1szl\u00f3 k\u00f6r\u00fati l\u00e9tes\u00edtm\u00e9ny\u00fcnkben<\/div>\t\t\t\t<\/div>\n\t\t\t\t\t\t<\/div>\n\t\t<div class=\"timeline-item__card-arrow\"><\/div>\n\t<\/div>\n\t<div class=\"timeline-item__point\"><div class=\"timeline-item__point-content timeline-item__point-content--icon\"><span class=\"jet-elements-icon\"><i aria-hidden=\"true\" class=\"fas fa-calendar-alt\"><\/i><\/span><\/div><\/div><div class=\"timeline-item__meta\"><div class=\"timeline-item__meta-content\">2006<\/div><\/div><\/div><div class=\"jet-timeline-item jet-timeline-item--animated elementor-repeater-item-14c46cd jet-timeline-item--image-inside\">\n\t<div class=\"timeline-item__card\">\n\t\t<div class=\"timeline-item__card-inner\">\n\t\t\t\t\t\t\t\t<div class=\"timeline-item__card-content\">\n\t\t\t\t\t<div class=\"timeline-item__meta\"><div class=\"timeline-item__meta-content\">2012<\/div><\/div><h5 class=\"timeline-item__card-title\">A harmadik gy\u00e1rt\u00f3csarnok<\/h5><div class=\"timeline-item__card-desc\">A harmadik gy\u00e1rt\u00f3csarnok \u00e1tad\u00e1sa<\/div>\t\t\t\t<\/div>\n\t\t\t\t\t\t<\/div>\n\t\t<div class=\"timeline-item__card-arrow\"><\/div>\n\t<\/div>\n\t<div class=\"timeline-item__point\"><div class=\"timeline-item__point-content timeline-item__point-content--icon\"><span class=\"jet-elements-icon\"><i aria-hidden=\"true\" class=\"fas fa-calendar-alt\"><\/i><\/span><\/div><\/div><div class=\"timeline-item__meta\"><div class=\"timeline-item__meta-content\">2012<\/div><\/div><\/div><div class=\"jet-timeline-item jet-timeline-item--animated elementor-repeater-item-b7898f8 jet-timeline-item--image-inside\">\n\t<div class=\"timeline-item__card\">\n\t\t<div class=\"timeline-item__card-inner\">\n\t\t\t\t\t\t\t\t<div class=\"timeline-item__card-content\">\n\t\t\t\t\t<div class=\"timeline-item__meta\"><div class=\"timeline-item__meta-content\">2013<\/div><\/div><h5 class=\"timeline-item__card-title\">Befektet\u00e9s<\/h5><div class=\"timeline-item__card-desc\">Jelent\u0151s gy\u00e1rt\u00e1stechnol\u00f3giai fejleszt\u00e9sek kivitelez\u00e9se<\/div>\t\t\t\t<\/div>\n\t\t\t\t\t\t<\/div>\n\t\t<div class=\"timeline-item__card-arrow\"><\/div>\n\t<\/div>\n\t<div class=\"timeline-item__point\"><div class=\"timeline-item__point-content timeline-item__point-content--icon\"><span class=\"jet-elements-icon\"><i aria-hidden=\"true\" class=\"fas fa-calendar-alt\"><\/i><\/span><\/div><\/div><div class=\"timeline-item__meta\"><div class=\"timeline-item__meta-content\">2013<\/div><\/div><\/div><div class=\"jet-timeline-item jet-timeline-item--animated elementor-repeater-item-4e4d9a0 jet-timeline-item--image-inside\">\n\t<div class=\"timeline-item__card\">\n\t\t<div class=\"timeline-item__card-inner\">\n\t\t\t\t\t\t\t\t<div class=\"timeline-item__card-content\">\n\t\t\t\t\t<div class=\"timeline-item__meta\"><div class=\"timeline-item__meta-content\">2017<\/div><\/div><h5 class=\"timeline-item__card-title\">\u00daj sz\u00e9khely<\/h5><div class=\"timeline-item__card-desc\">Kapacit\u00e1sb\u0151v\u00edt\u00e9s \u00e9s a hat\u00e9kony gy\u00e1rt\u00e1s n\u00f6vel\u00e9s\u00e9nek c\u00e9lj\u00e1b\u00f3l meg\u00e9p\u00fcl az \u00faj telephely,\naz irod\u00e1k \u00e1ttelep\u00fcl\u00e9se, moderniz\u00e1l\u00e1sa<\/div>\t\t\t\t<\/div>\n\t\t\t\t\t\t<\/div>\n\t\t<div class=\"timeline-item__card-arrow\"><\/div>\n\t<\/div>\n\t<div class=\"timeline-item__point\"><div class=\"timeline-item__point-content timeline-item__point-content--icon\"><span class=\"jet-elements-icon\"><i aria-hidden=\"true\" class=\"fas fa-calendar-alt\"><\/i><\/span><\/div><\/div><div class=\"timeline-item__meta\"><div class=\"timeline-item__meta-content\">2017<\/div><\/div><\/div><div class=\"jet-timeline-item jet-timeline-item--animated elementor-repeater-item-59c9b7a jet-timeline-item--image-inside\">\n\t<div class=\"timeline-item__card\">\n\t\t<div class=\"timeline-item__card-inner\">\n\t\t\t\t\t\t\t\t<div class=\"timeline-item__card-content\">\n\t\t\t\t\t<div class=\"timeline-item__meta\"><div class=\"timeline-item__meta-content\">2019<\/div><\/div><h5 class=\"timeline-item__card-title\">Nagy l\u00e9pt\u00e9k\u0171 fejleszt\u00e9sek<\/h5><div class=\"timeline-item__card-desc\">H\u00e1rom \u00faj csarnok\u00e9p\u00fclet, magas\nrakt\u00e1r\u00e9p\u00fclet, fest\u0151m\u0171hely \u00e9s korszer\u0171\nirodah\u00e1z \u00e9p\u00edt\u00e9se, a c\u00e9g logisztikai\nrendszer\u00e9nek \u00e1tfog\u00f3 fejleszt\u00e9se<\/div>\t\t\t\t<\/div>\n\t\t\t\t\t\t<\/div>\n\t\t<div class=\"timeline-item__card-arrow\"><\/div>\n\t<\/div>\n\t<div class=\"timeline-item__point\"><div class=\"timeline-item__point-content timeline-item__point-content--icon\"><span class=\"jet-elements-icon\"><i aria-hidden=\"true\" class=\"fas fa-calendar-alt\"><\/i><\/span><\/div><\/div><div class=\"timeline-item__meta\"><div class=\"timeline-item__meta-content\">2019<\/div><\/div><\/div><\/div><\/div><\/div>\t\t<\/div>\n\t\t\t\t<\/div>\n\t\t\t\t<div class=\"elementor-element elementor-element-83aaaf7 elementor-widget elementor-widget-spacer\" data-id=\"83aaaf7\" data-element_type=\"widget\" data-widget_type=\"spacer.default\">\n\t\t\t\t<div class=\"elementor-widget-container\">\n\t\t\t\t\t<div class=\"elementor-spacer\">\n\t\t\t<div class=\"elementor-spacer-inner\"><\/div>\n\t\t<\/div>\n\t\t\t\t<\/div>\n\t\t\t\t<\/div>\n\t\t\t\t\t<\/div>\n\t\t<\/div>\n\t\t\t\t\t<\/div>\n\t\t<\/section>\n\t\t\t\t<\/div>","protected":false},"excerpt":{"rendered":"<p>About us Who we are Our company is greatly committed to the development of economical and eco-friendly power tool surface cleaning and surface treatment technologies, as well as the development of bulk material handling machines (mainly the technology of animal feeding stuffs) so that our partners can profit the most out of them. Our feed [&hellip;]<\/p>","protected":false},"author":1,"featured_media":0,"parent":0,"menu_order":0,"comment_status":"closed","ping_status":"closed","template":"elementor_header_footer","meta":{"footnotes":""},"_links":{"self":[{"href":"https:\/\/www.abrazivfeed.hu\/hu\/wp-json\/wp\/v2\/pages\/428"}],"collection":[{"href":"https:\/\/www.abrazivfeed.hu\/hu\/wp-json\/wp\/v2\/pages"}],"about":[{"href":"https:\/\/www.abrazivfeed.hu\/hu\/wp-json\/wp\/v2\/types\/page"}],"author":[{"embeddable":true,"href":"https:\/\/www.abrazivfeed.hu\/hu\/wp-json\/wp\/v2\/users\/1"}],"replies":[{"embeddable":true,"href":"https:\/\/www.abrazivfeed.hu\/hu\/wp-json\/wp\/v2\/comments?post=428"}],"version-history":[{"count":62,"href":"https:\/\/www.abrazivfeed.hu\/hu\/wp-json\/wp\/v2\/pages\/428\/revisions"}],"predecessor-version":[{"id":1509,"href":"https:\/\/www.abrazivfeed.hu\/hu\/wp-json\/wp\/v2\/pages\/428\/revisions\/1509"}],"wp:attachment":[{"href":"https:\/\/www.abrazivfeed.hu\/hu\/wp-json\/wp\/v2\/media?parent=428"}],"curies":[{"name":"wp","href":"https:\/\/api.w.org\/{rel}","templated":true}]}}