{"id":598,"date":"2022-05-25T07:35:06","date_gmt":"2022-05-25T07:35:06","guid":{"rendered":"https:\/\/www.abrazivfeed.hu\/?page_id=598"},"modified":"2022-10-07T13:31:55","modified_gmt":"2022-10-07T13:31:55","slug":"industries","status":"publish","type":"page","link":"http:\/\/www.abrazivfeed.hu\/hu\/iparagak\/","title":{"rendered":"Ipar\u00e1gak"},"content":{"rendered":"<div data-elementor-type=\"wp-page\" data-elementor-id=\"598\" class=\"elementor elementor-598\" data-elementor-post-type=\"page\">\n\t\t\t\t\t\t<section class=\"elementor-section elementor-top-section elementor-element elementor-element-47a021e elementor-section-height-min-height elementor-section-boxed elementor-section-height-default elementor-section-items-middle\" data-id=\"47a021e\" data-element_type=\"section\" data-settings=\"{&quot;background_background&quot;:&quot;classic&quot;,&quot;jet_parallax_layout_list&quot;:[]}\">\n\t\t\t\t\t\t<div class=\"elementor-container elementor-column-gap-default\">\n\t\t\t\t\t<div class=\"elementor-column elementor-col-100 elementor-top-column elementor-element elementor-element-b7f75ec\" data-id=\"b7f75ec\" data-element_type=\"column\">\n\t\t\t<div class=\"elementor-widget-wrap elementor-element-populated\">\n\t\t\t\t\t\t<div class=\"elementor-element elementor-element-04cc2bf elementor-widget elementor-widget-heading\" data-id=\"04cc2bf\" data-element_type=\"widget\" data-widget_type=\"heading.default\">\n\t\t\t\t<div class=\"elementor-widget-container\">\n\t\t\t<h1 class=\"elementor-heading-title elementor-size-default\">Ipar\u00e1gak<\/h1>\t\t<\/div>\n\t\t\t\t<\/div>\n\t\t\t\t\t<\/div>\n\t\t<\/div>\n\t\t\t\t\t<\/div>\n\t\t<\/section>\n\t\t\t\t<section class=\"elementor-section elementor-top-section elementor-element elementor-element-fbdd06d elementor-section-boxed elementor-section-height-default elementor-section-height-default\" data-id=\"fbdd06d\" data-element_type=\"section\" data-settings=\"{&quot;background_background&quot;:&quot;classic&quot;,&quot;jet_parallax_layout_list&quot;:[]}\">\n\t\t\t\t\t\t<div class=\"elementor-container elementor-column-gap-default\">\n\t\t\t\t\t<div class=\"elementor-column elementor-col-100 elementor-top-column elementor-element elementor-element-506f559\" data-id=\"506f559\" data-element_type=\"column\">\n\t\t\t<div class=\"elementor-widget-wrap elementor-element-populated\">\n\t\t\t\t\t\t<div class=\"elementor-element elementor-element-c4553ab elementor-widget elementor-widget-heading\" data-id=\"c4553ab\" data-element_type=\"widget\" data-widget_type=\"heading.default\">\n\t\t\t\t<div class=\"elementor-widget-container\">\n\t\t\t<h2 class=\"elementor-heading-title elementor-size-default\">Ismerj\u00fck ipar\u00e1g\u00e1t<\/h2>\t\t<\/div>\n\t\t\t\t<\/div>\n\t\t\t\t<div class=\"elementor-element elementor-element-2c6f5ed elementor-widget elementor-widget-text-editor\" data-id=\"2c6f5ed\" data-element_type=\"widget\" data-widget_type=\"text-editor.default\">\n\t\t\t\t<div class=\"elementor-widget-container\">\n\t\t\t\t\t\t\t<p>Els\u0151dleges szempontnak tekintj\u00fck, hogy \u00fcgyfeleink sz\u00e1m\u00e1ra a legvonz\u00f3bb technol\u00f3giai megold\u00e1sokat tal\u00e1ljuk meg, amelyek magas min\u0151s\u00e9g mellett gazdas\u00e1gosak, hat\u00e9konyak \u00e9s fenntarthat\u00f3ak.<\/p>\t\t\t\t\t\t<\/div>\n\t\t\t\t<\/div>\n\t\t\t\t<section class=\"elementor-section elementor-inner-section elementor-element elementor-element-c45d32e elementor-section-boxed elementor-section-height-default elementor-section-height-default\" data-id=\"c45d32e\" data-element_type=\"section\" data-settings=\"{&quot;jet_parallax_layout_list&quot;:[]}\">\n\t\t\t\t\t\t<div class=\"elementor-container elementor-column-gap-default\">\n\t\t\t\t\t<div class=\"elementor-column elementor-col-50 elementor-inner-column elementor-element elementor-element-b59bbb9\" data-id=\"b59bbb9\" data-element_type=\"column\" data-settings=\"{&quot;motion_fx_motion_fx_scrolling&quot;:&quot;yes&quot;,&quot;motion_fx_translateY_effect&quot;:&quot;yes&quot;,&quot;motion_fx_devices&quot;:[&quot;desktop&quot;,&quot;laptop&quot;,&quot;tablet&quot;],&quot;motion_fx_translateY_speed&quot;:{&quot;unit&quot;:&quot;px&quot;,&quot;size&quot;:4,&quot;sizes&quot;:[]},&quot;motion_fx_translateY_affectedRange&quot;:{&quot;unit&quot;:&quot;%&quot;,&quot;size&quot;:&quot;&quot;,&quot;sizes&quot;:{&quot;start&quot;:0,&quot;end&quot;:100}}}\">\n\t\t\t<div class=\"elementor-widget-wrap elementor-element-populated\">\n\t\t\t\t\t\t<div class=\"elementor-element elementor-element-660e991 elementor-widget elementor-widget-image\" data-id=\"660e991\" data-element_type=\"widget\" data-widget_type=\"image.default\">\n\t\t\t\t<div class=\"elementor-widget-container\">\n\t\t\t\t\t\t\t\t\t\t\t\t\t<img fetchpriority=\"high\" decoding=\"async\" width=\"800\" height=\"589\" src=\"https:\/\/www.abrazivfeed.hu\/wp-content\/uploads\/2022\/05\/feed.jpg\" class=\"attachment-large size-large wp-image-613\" alt=\"\" srcset=\"https:\/\/www.abrazivfeed.hu\/wp-content\/uploads\/2022\/05\/feed.jpg 855w, https:\/\/www.abrazivfeed.hu\/wp-content\/uploads\/2022\/05\/feed-300x221.jpg 300w, https:\/\/www.abrazivfeed.hu\/wp-content\/uploads\/2022\/05\/feed-768x566.jpg 768w\" sizes=\"(max-width: 800px) 100vw, 800px\" \/>\t\t\t\t\t\t\t\t\t\t\t\t\t<\/div>\n\t\t\t\t<\/div>\n\t\t\t\t\t<\/div>\n\t\t<\/div>\n\t\t\t\t<div class=\"elementor-column elementor-col-50 elementor-inner-column elementor-element elementor-element-a893643\" data-id=\"a893643\" data-element_type=\"column\" data-settings=\"{&quot;background_background&quot;:&quot;classic&quot;}\">\n\t\t\t<div class=\"elementor-widget-wrap elementor-element-populated\">\n\t\t\t\t\t\t<div class=\"elementor-element elementor-element-f79a01b elementor-widget elementor-widget-heading\" data-id=\"f79a01b\" data-element_type=\"widget\" data-widget_type=\"heading.default\">\n\t\t\t\t<div class=\"elementor-widget-container\">\n\t\t\t<h2 class=\"elementor-heading-title elementor-size-default\">Takarm\u00e1ny<\/h2>\t\t<\/div>\n\t\t\t\t<\/div>\n\t\t\t\t<div class=\"elementor-element elementor-element-f4873d5 elementor-widget elementor-widget-text-editor\" data-id=\"f4873d5\" data-element_type=\"widget\" data-widget_type=\"text-editor.default\">\n\t\t\t\t<div class=\"elementor-widget-container\">\n\t\t\t\t\t\t\t<p>Szorosan egy\u00fcttm\u0171k\u00f6d\u00fcnk \u00d6nnel, hogy mindig egy l\u00e9p\u00e9ssel el\u0151r\u00e9bb j\u00e1rjon versenyt\u00e1rsain\u00e1l. Megold\u00e1saink modul\u00e1ris fel\u00e9p\u00edt\u00e9s\u0171ek, \u00edgy a gy\u00e1rt\u00e1si folyamat\u00e1hoz igaz\u00edthatja \u0151ket. Hozz\u00e1adott szolg\u00e1ltat\u00e1sokat, karbantart\u00e1st, jav\u00edt\u00e1sokat, automatiz\u00e1l\u00e1st \u00e9s technol\u00f3giai t\u00e1mogat\u00e1st is k\u00edn\u00e1lunk. Ezeket mind \u00fagy alak\u00edtottuk ki, hogy kiv\u00e1l\u00f3 min\u0151s\u00e9g\u0171 term\u00e9keket \u00e9s k\u00f6lts\u00e9ghat\u00e9kony folyamatokat biztos\u00edtsunk. \u00dczemeink \u00e9s berendez\u00e9seink a legszigor\u00fabb higi\u00e9niai el\u0151\u00edr\u00e1soknak is megfelelnek.<\/p>\t\t\t\t\t\t<\/div>\n\t\t\t\t<\/div>\n\t\t\t\t\t<\/div>\n\t\t<\/div>\n\t\t\t\t\t<\/div>\n\t\t<\/section>\n\t\t\t\t<section class=\"elementor-section elementor-inner-section elementor-element elementor-element-db64838 elementor-reverse-mobile elementor-section-boxed elementor-section-height-default elementor-section-height-default\" data-id=\"db64838\" data-element_type=\"section\" data-settings=\"{&quot;jet_parallax_layout_list&quot;:[]}\">\n\t\t\t\t\t\t<div class=\"elementor-container elementor-column-gap-default\">\n\t\t\t\t\t<div class=\"elementor-column elementor-col-50 elementor-inner-column elementor-element elementor-element-1070556\" data-id=\"1070556\" data-element_type=\"column\" data-settings=\"{&quot;background_background&quot;:&quot;classic&quot;}\">\n\t\t\t<div class=\"elementor-widget-wrap elementor-element-populated\">\n\t\t\t\t\t\t<div class=\"elementor-element elementor-element-f91dd7c elementor-widget elementor-widget-heading\" data-id=\"f91dd7c\" data-element_type=\"widget\" data-widget_type=\"heading.default\">\n\t\t\t\t<div class=\"elementor-widget-container\">\n\t\t\t<h2 class=\"elementor-heading-title elementor-size-default\">Premix<\/h2>\t\t<\/div>\n\t\t\t\t<\/div>\n\t\t\t\t<div class=\"elementor-element elementor-element-1e7ca8f elementor-widget elementor-widget-text-editor\" data-id=\"1e7ca8f\" data-element_type=\"widget\" data-widget_type=\"text-editor.default\">\n\t\t\t\t<div class=\"elementor-widget-container\">\n\t\t\t\t\t\t\tA teljes feldolgoz\u00e1si l\u00e1nc sor\u00e1n, a komponensekt\u0151l a csomagolt term\u00e9kig, a sz\u00fcks\u00e9ges berendez\u00e9sek mellett t\u00e1mogatjuk \u00d6nt technol\u00f3giai tud\u00e1ssal, automatiz\u00e1l\u00e1si szak\u00e9rtelemmel, kieg\u00e9sz\u00edt\u0151 szolg\u00e1ltat\u00e1sokkal, szerviz \u00e9s p\u00f3talkatr\u00e9szell\u00e1t\u00e1ssal \u00e9s m\u00e9rn\u00f6ki h\u00e1tt\u00e9rrel.\nFolyad\u00e9k- \u00e9s poradagol\u00f3 rendszereink gramm pontoss\u00e1ggal \u00fczemelnek, \u00edgy biztos\u00edtva, hogy a koncentr\u00e1tum- \u00e9s premix \u00fczemek a legmagasabb min\u0151s\u00e9g\u0171 term\u00e9keket \u00e1ll\u00edts\u00e1k el\u0151, maxim\u00e1lis pontoss\u00e1ggal.\t\t\t\t\t\t<\/div>\n\t\t\t\t<\/div>\n\t\t\t\t\t<\/div>\n\t\t<\/div>\n\t\t\t\t<div class=\"elementor-column elementor-col-50 elementor-inner-column elementor-element elementor-element-fcf3504\" data-id=\"fcf3504\" data-element_type=\"column\" data-settings=\"{&quot;motion_fx_motion_fx_scrolling&quot;:&quot;yes&quot;,&quot;motion_fx_translateY_effect&quot;:&quot;yes&quot;,&quot;motion_fx_devices&quot;:[&quot;desktop&quot;,&quot;laptop&quot;,&quot;tablet&quot;],&quot;motion_fx_translateY_speed&quot;:{&quot;unit&quot;:&quot;px&quot;,&quot;size&quot;:4,&quot;sizes&quot;:[]},&quot;motion_fx_translateY_affectedRange&quot;:{&quot;unit&quot;:&quot;%&quot;,&quot;size&quot;:&quot;&quot;,&quot;sizes&quot;:{&quot;start&quot;:0,&quot;end&quot;:100}}}\">\n\t\t\t<div class=\"elementor-widget-wrap elementor-element-populated\">\n\t\t\t\t\t\t<div class=\"elementor-element elementor-element-5d8a07f elementor-widget elementor-widget-image\" data-id=\"5d8a07f\" data-element_type=\"widget\" data-widget_type=\"image.default\">\n\t\t\t\t<div class=\"elementor-widget-container\">\n\t\t\t\t\t\t\t\t\t\t\t\t\t<img decoding=\"async\" width=\"800\" height=\"589\" src=\"https:\/\/www.abrazivfeed.hu\/wp-content\/uploads\/2022\/05\/premix.jpg\" class=\"attachment-large size-large wp-image-647\" alt=\"\" srcset=\"https:\/\/www.abrazivfeed.hu\/wp-content\/uploads\/2022\/05\/premix.jpg 855w, https:\/\/www.abrazivfeed.hu\/wp-content\/uploads\/2022\/05\/premix-300x221.jpg 300w, https:\/\/www.abrazivfeed.hu\/wp-content\/uploads\/2022\/05\/premix-768x566.jpg 768w\" sizes=\"(max-width: 800px) 100vw, 800px\" \/>\t\t\t\t\t\t\t\t\t\t\t\t\t<\/div>\n\t\t\t\t<\/div>\n\t\t\t\t\t<\/div>\n\t\t<\/div>\n\t\t\t\t\t<\/div>\n\t\t<\/section>\n\t\t\t\t<section class=\"elementor-section elementor-inner-section elementor-element elementor-element-760ddb8 elementor-section-boxed elementor-section-height-default elementor-section-height-default\" data-id=\"760ddb8\" data-element_type=\"section\" data-settings=\"{&quot;jet_parallax_layout_list&quot;:[]}\">\n\t\t\t\t\t\t<div class=\"elementor-container elementor-column-gap-default\">\n\t\t\t\t\t<div class=\"elementor-column elementor-col-50 elementor-inner-column elementor-element elementor-element-17a6cfe\" data-id=\"17a6cfe\" data-element_type=\"column\">\n\t\t\t<div class=\"elementor-widget-wrap elementor-element-populated\">\n\t\t\t\t\t\t<div class=\"elementor-element elementor-element-e112bac elementor-widget elementor-widget-image\" data-id=\"e112bac\" data-element_type=\"widget\" data-settings=\"{&quot;motion_fx_motion_fx_scrolling&quot;:&quot;yes&quot;,&quot;motion_fx_translateY_effect&quot;:&quot;yes&quot;,&quot;motion_fx_devices&quot;:[&quot;desktop&quot;,&quot;laptop&quot;,&quot;tablet&quot;],&quot;motion_fx_translateY_speed&quot;:{&quot;unit&quot;:&quot;px&quot;,&quot;size&quot;:4,&quot;sizes&quot;:[]},&quot;motion_fx_translateY_affectedRange&quot;:{&quot;unit&quot;:&quot;%&quot;,&quot;size&quot;:&quot;&quot;,&quot;sizes&quot;:{&quot;start&quot;:0,&quot;end&quot;:100}}}\" data-widget_type=\"image.default\">\n\t\t\t\t<div class=\"elementor-widget-container\">\n\t\t\t\t\t\t\t\t\t\t\t\t\t<img decoding=\"async\" width=\"800\" height=\"589\" src=\"https:\/\/www.abrazivfeed.hu\/wp-content\/uploads\/2022\/05\/pet_food.jpg\" class=\"attachment-large size-large wp-image-615\" alt=\"\" srcset=\"https:\/\/www.abrazivfeed.hu\/wp-content\/uploads\/2022\/05\/pet_food.jpg 855w, https:\/\/www.abrazivfeed.hu\/wp-content\/uploads\/2022\/05\/pet_food-300x221.jpg 300w, https:\/\/www.abrazivfeed.hu\/wp-content\/uploads\/2022\/05\/pet_food-768x566.jpg 768w\" sizes=\"(max-width: 800px) 100vw, 800px\" \/>\t\t\t\t\t\t\t\t\t\t\t\t\t<\/div>\n\t\t\t\t<\/div>\n\t\t\t\t\t<\/div>\n\t\t<\/div>\n\t\t\t\t<div class=\"elementor-column elementor-col-50 elementor-inner-column elementor-element elementor-element-9661d81\" data-id=\"9661d81\" data-element_type=\"column\" data-settings=\"{&quot;background_background&quot;:&quot;classic&quot;}\">\n\t\t\t<div class=\"elementor-widget-wrap elementor-element-populated\">\n\t\t\t\t\t\t<div class=\"elementor-element elementor-element-9fcd226 elementor-widget elementor-widget-heading\" data-id=\"9fcd226\" data-element_type=\"widget\" data-widget_type=\"heading.default\">\n\t\t\t\t<div class=\"elementor-widget-container\">\n\t\t\t<h2 class=\"elementor-heading-title elementor-size-default\">\u00c1llateledel<\/h2>\t\t<\/div>\n\t\t\t\t<\/div>\n\t\t\t\t<div class=\"elementor-element elementor-element-fdfe9f5 elementor-widget elementor-widget-text-editor\" data-id=\"fdfe9f5\" data-element_type=\"widget\" data-widget_type=\"text-editor.default\">\n\t\t\t\t<div class=\"elementor-widget-container\">\n\t\t\t\t\t\t\t<p>Egy magas min\u0151s\u00e9g\u0171 \u00e1llateledelnek t\u00e1pl\u00e1l\u00f3nak \u00e9s \u00edzletesnek kell lennie a h\u00e1zi kedvencek sz\u00e1m\u00e1ra, de az \u00e1llattart\u00f3k sz\u00e1m\u00e1ra fontos szempont az is, hogy eg\u00e9szs\u00e9ges \u00e9s megfizethet\u0151 legyen. <br \/>Feldolgoz\u00e1si megold\u00e1saink az alapanyagkezel\u00e9st\u0151l a k\u00e9szterm\u00e9kel\u0151\u00e1ll\u00edt\u00e1sig mindenre kiterjednek.<\/p><p>Berendez\u00e9seink megfelelnek a legmagasabb min\u0151s\u00e9gi sztenderdeknek, hogy a kis\u00e1llat csemeg\u00e9k v\u00e1ltozatosak, frissek \u00e9s kifog\u00e1stalan min\u0151s\u00e9g\u0171ek legyenek a legk\u00fcl\u00f6nf\u00e9l\u00e9bb \u00f6sszetev\u0151k eset\u00e9n is.<\/p><p>Extrud\u00e1l\u00e1si folyamatainkat szigor\u00faan ellen\u0151rizz\u00fck, maxim\u00e1lis gy\u00e1rt\u00e1si flexibilit\u00e1s, k\u00f6lts\u00e9g- , energia- \u00e9s anyaggazdas\u00e1gos megold\u00e1sok mellett.<\/p>\t\t\t\t\t\t<\/div>\n\t\t\t\t<\/div>\n\t\t\t\t\t<\/div>\n\t\t<\/div>\n\t\t\t\t\t<\/div>\n\t\t<\/section>\n\t\t\t\t<section class=\"elementor-section elementor-inner-section elementor-element elementor-element-32685a3 elementor-reverse-mobile elementor-section-boxed elementor-section-height-default elementor-section-height-default\" data-id=\"32685a3\" data-element_type=\"section\" data-settings=\"{&quot;jet_parallax_layout_list&quot;:[]}\">\n\t\t\t\t\t\t<div class=\"elementor-container elementor-column-gap-default\">\n\t\t\t\t\t<div class=\"elementor-column elementor-col-50 elementor-inner-column elementor-element elementor-element-290b006\" data-id=\"290b006\" data-element_type=\"column\" data-settings=\"{&quot;background_background&quot;:&quot;classic&quot;}\">\n\t\t\t<div class=\"elementor-widget-wrap elementor-element-populated\">\n\t\t\t\t\t\t<div class=\"elementor-element elementor-element-9bd9a68 elementor-widget elementor-widget-heading\" data-id=\"9bd9a68\" data-element_type=\"widget\" data-widget_type=\"heading.default\">\n\t\t\t\t<div class=\"elementor-widget-container\">\n\t\t\t<h2 class=\"elementor-heading-title elementor-size-default\">Biomassza<\/h2>\t\t<\/div>\n\t\t\t\t<\/div>\n\t\t\t\t<div class=\"elementor-element elementor-element-2754fe4 elementor-widget elementor-widget-text-editor\" data-id=\"2754fe4\" data-element_type=\"widget\" data-widget_type=\"text-editor.default\">\n\t\t\t\t<div class=\"elementor-widget-container\">\n\t\t\t\t\t\t\t<p>Az Abraziv megb\u00edzhat\u00f3 partner a granul\u00e1l\u00e1shoz \u00e9s \u0151rl\u00e9shez sz\u00fcks\u00e9ges cs\u00facskateg\u00f3ri\u00e1s berendez\u00e9sek ter\u00e9n a legk\u00fcl\u00f6nf\u00e9l\u00e9bb fa- \u00e9s mez\u0151gazdas\u00e1gi term\u00e9kek sz\u00e9les sk\u00e1l\u00e1j\u00e1hoz. Berendez\u00e9seink kem\u00e9ny \u00e9s puha faanyagokat, t\u0171zif\u00e1t, szalm\u00e1t, f\u00fcvet, h\u00e9jat, valamint gyorsan n\u00f6v\u0151 t\u00fczel\u0151n\u00f6v\u00e9nyeket dolgoznak fel.<\/p><p>A tart\u00f3ss\u00e1g kulcsfontoss\u00e1g\u00fa ebben a piaci szegmens\u00e9ben, ahol a berendez\u00e9seket az \u00e9v 365 napj\u00e1n, a nap 24 \u00f3r\u00e1j\u00e1ban t\u00f6rt\u00e9n\u0151 haszn\u00e1lat sor\u00e1n rendk\u00edv\u00fcl nagy terhel\u00e9s \u00e9ri. Technol\u00f3giai h\u00e1tter\u00fcnk seg\u00edts\u00e9g\u00e9vel teljes m\u00e9rt\u00e9kben ellen\u0151rizheti a gy\u00e1rt\u00e1s minden l\u00e9p\u00e9s\u00e9t. Szem\u00e9lyre szabott megold\u00e1sokat k\u00edn\u00e1lunk a teljes folyamatra: \u0151rl\u00e9s, kondicion\u00e1l\u00e1s, granul\u00e1l\u00e1s, h\u0171t\u00e9s \u00e9s rost\u00e1l\u00e1s.<\/p>\t\t\t\t\t\t<\/div>\n\t\t\t\t<\/div>\n\t\t\t\t\t<\/div>\n\t\t<\/div>\n\t\t\t\t<div class=\"elementor-column elementor-col-50 elementor-inner-column elementor-element elementor-element-d4d6a91\" data-id=\"d4d6a91\" data-element_type=\"column\">\n\t\t\t<div class=\"elementor-widget-wrap elementor-element-populated\">\n\t\t\t\t\t\t<div class=\"elementor-element elementor-element-4f8e570 elementor-widget elementor-widget-image\" data-id=\"4f8e570\" data-element_type=\"widget\" data-settings=\"{&quot;motion_fx_motion_fx_scrolling&quot;:&quot;yes&quot;,&quot;motion_fx_translateY_effect&quot;:&quot;yes&quot;,&quot;motion_fx_devices&quot;:[&quot;desktop&quot;,&quot;laptop&quot;,&quot;tablet&quot;],&quot;motion_fx_translateY_speed&quot;:{&quot;unit&quot;:&quot;px&quot;,&quot;size&quot;:4,&quot;sizes&quot;:[]},&quot;motion_fx_translateY_affectedRange&quot;:{&quot;unit&quot;:&quot;%&quot;,&quot;size&quot;:&quot;&quot;,&quot;sizes&quot;:{&quot;start&quot;:0,&quot;end&quot;:100}}}\" data-widget_type=\"image.default\">\n\t\t\t\t<div class=\"elementor-widget-container\">\n\t\t\t\t\t\t\t\t\t\t\t\t\t<img loading=\"lazy\" decoding=\"async\" width=\"800\" height=\"589\" src=\"https:\/\/www.abrazivfeed.hu\/wp-content\/uploads\/2022\/05\/biomass.jpg\" class=\"attachment-large size-large wp-image-614\" alt=\"\" srcset=\"https:\/\/www.abrazivfeed.hu\/wp-content\/uploads\/2022\/05\/biomass.jpg 855w, https:\/\/www.abrazivfeed.hu\/wp-content\/uploads\/2022\/05\/biomass-300x221.jpg 300w, https:\/\/www.abrazivfeed.hu\/wp-content\/uploads\/2022\/05\/biomass-768x566.jpg 768w\" sizes=\"(max-width: 800px) 100vw, 800px\" \/>\t\t\t\t\t\t\t\t\t\t\t\t\t<\/div>\n\t\t\t\t<\/div>\n\t\t\t\t\t<\/div>\n\t\t<\/div>\n\t\t\t\t\t<\/div>\n\t\t<\/section>\n\t\t\t\t\t<\/div>\n\t\t<\/div>\n\t\t\t\t\t<\/div>\n\t\t<\/section>\n\t\t\t\t<section class=\"elementor-section elementor-top-section elementor-element elementor-element-3dd5716 elementor-section-boxed elementor-section-height-default elementor-section-height-default\" data-id=\"3dd5716\" data-element_type=\"section\" data-settings=\"{&quot;jet_parallax_layout_list&quot;:[]}\">\n\t\t\t\t\t\t<div class=\"elementor-container elementor-column-gap-default\">\n\t\t\t\t\t<div class=\"elementor-column elementor-col-50 elementor-top-column elementor-element elementor-element-c2b1d77\" data-id=\"c2b1d77\" data-element_type=\"column\">\n\t\t\t<div class=\"elementor-widget-wrap elementor-element-populated\">\n\t\t\t\t\t\t<div class=\"elementor-element elementor-element-ff4ab6a elementor-widget elementor-widget-image\" data-id=\"ff4ab6a\" data-element_type=\"widget\" data-widget_type=\"image.default\">\n\t\t\t\t<div class=\"elementor-widget-container\">\n\t\t\t\t\t\t\t\t\t\t\t\t\t\t<a href=\"http:\/\/www.abrazivfeed.hu\/hu\/kapcsolat\/#contactform\">\n\t\t\t\t\t\t\t<img loading=\"lazy\" decoding=\"async\" width=\"800\" height=\"313\" src=\"https:\/\/www.abrazivfeed.hu\/wp-content\/uploads\/2022\/05\/help.jpg\" class=\"attachment-large size-large wp-image-664\" alt=\"\" srcset=\"https:\/\/www.abrazivfeed.hu\/wp-content\/uploads\/2022\/05\/help.jpg 960w, https:\/\/www.abrazivfeed.hu\/wp-content\/uploads\/2022\/05\/help-300x117.jpg 300w, https:\/\/www.abrazivfeed.hu\/wp-content\/uploads\/2022\/05\/help-768x300.jpg 768w\" sizes=\"(max-width: 800px) 100vw, 800px\" \/>\t\t\t\t\t\t\t\t<\/a>\n\t\t\t\t\t\t\t\t\t\t\t\t\t<\/div>\n\t\t\t\t<\/div>\n\t\t\t\t\t<\/div>\n\t\t<\/div>\n\t\t\t\t<div class=\"elementor-column elementor-col-50 elementor-top-column elementor-element elementor-element-4776305\" data-id=\"4776305\" data-element_type=\"column\" data-settings=\"{&quot;background_background&quot;:&quot;classic&quot;}\">\n\t\t\t<div class=\"elementor-widget-wrap elementor-element-populated\">\n\t\t\t\t\t\t<div class=\"elementor-element elementor-element-5f21353 elementor-widget elementor-widget-heading\" data-id=\"5f21353\" data-element_type=\"widget\" data-widget_type=\"heading.default\">\n\t\t\t\t<div class=\"elementor-widget-container\">\n\t\t\t<h2 class=\"elementor-heading-title elementor-size-default\"><a href=\"http:\/\/www.abrazivfeed.hu\/hu\/kapcsolat\/#contactform\">Miben seg\u00edthet\u00fcnk?<\/a><\/h2>\t\t<\/div>\n\t\t\t\t<\/div>\n\t\t\t\t<div class=\"elementor-element elementor-element-784a031 elementor-widget elementor-widget-text-editor\" data-id=\"784a031\" data-element_type=\"widget\" data-widget_type=\"text-editor.default\">\n\t\t\t\t<div class=\"elementor-widget-container\">\n\t\t\t\t\t\t\t<p>Vegye fel vel\u00fcnk a kapcsolatot, vagy k\u00e9rje aj\u00e1nlatunkat!<\/p>\t\t\t\t\t\t<\/div>\n\t\t\t\t<\/div>\n\t\t\t\t\t<\/div>\n\t\t<\/div>\n\t\t\t\t\t<\/div>\n\t\t<\/section>\n\t\t\t\t<\/div>","protected":false},"excerpt":{"rendered":"<p>Industries Know your Industry We consider as a primary factor to find the most appealing technical solutions for our customers, which are economical, effective and sustainable combined with high quality. Feed We work closely with you to keep you one step ahead. Our solutions come in a modular design so you can customize them to [&hellip;]<\/p>","protected":false},"author":1,"featured_media":0,"parent":0,"menu_order":0,"comment_status":"closed","ping_status":"closed","template":"elementor_header_footer","meta":{"footnotes":""},"_links":{"self":[{"href":"http:\/\/www.abrazivfeed.hu\/hu\/wp-json\/wp\/v2\/pages\/598"}],"collection":[{"href":"http:\/\/www.abrazivfeed.hu\/hu\/wp-json\/wp\/v2\/pages"}],"about":[{"href":"http:\/\/www.abrazivfeed.hu\/hu\/wp-json\/wp\/v2\/types\/page"}],"author":[{"embeddable":true,"href":"http:\/\/www.abrazivfeed.hu\/hu\/wp-json\/wp\/v2\/users\/1"}],"replies":[{"embeddable":true,"href":"http:\/\/www.abrazivfeed.hu\/hu\/wp-json\/wp\/v2\/comments?post=598"}],"version-history":[{"count":68,"href":"http:\/\/www.abrazivfeed.hu\/hu\/wp-json\/wp\/v2\/pages\/598\/revisions"}],"predecessor-version":[{"id":2675,"href":"http:\/\/www.abrazivfeed.hu\/hu\/wp-json\/wp\/v2\/pages\/598\/revisions\/2675"}],"wp:attachment":[{"href":"http:\/\/www.abrazivfeed.hu\/hu\/wp-json\/wp\/v2\/media?parent=598"}],"curies":[{"name":"wp","href":"https:\/\/api.w.org\/{rel}","templated":true}]}}